{"id":984,"date":"2026-03-23T10:36:19","date_gmt":"2026-03-23T10:36:19","guid":{"rendered":"https:\/\/zcwtruck.com\/?post_type=product&#038;p=984"},"modified":"2026-03-24T05:06:17","modified_gmt":"2026-03-24T05:06:17","slug":"sinotruk-sitrak-water-foam-fire-truck","status":"publish","type":"product","link":"https:\/\/zcwtruck.com\/fr\/product\/sinotruk-sitrak-water-foam-fire-truck\/","title":{"rendered":"Camion de pompiers en mousse d'eau Sinotruk Sitrak"},"content":{"rendered":"<div style=\"overflow-x: auto; width: 100%;\">\n<table style=\"width: 100%; border-collapse: collapse;\">\n<tbody>\n<tr>\n<td width=\"237\">Article<\/td>\n<td width=\"398\">Sp\u00e9cification<\/td>\n<\/tr>\n<tr>\n<td width=\"237\">Marque et mod\u00e8le<\/td>\n<td width=\"398\">Sinotruk Sitrak Zz5356v524mf5<\/td>\n<\/tr>\n<tr>\n<td width=\"237\">Dimensions Globales<\/td>\n<td width=\"398\">10540\u00d72530\u00d73780 mm<\/td>\n<\/tr>\n<tr>\n<td width=\"237\">Poids brut du v\u00e9hicule<\/td>\n<td width=\"398\">32450kg<\/td>\n<\/tr>\n<tr>\n<td width=\"237\">Moteur<\/td>\n<td width=\"398\">MC11.46-61 341 kW, 10518L, Diesel, Euro VI<\/td>\n<\/tr>\n<tr>\n<td width=\"237\">Type de lecteur<\/td>\n<td width=\"398\">6\u00d74,Base de roue:1600+1400 mm<\/td>\n<\/tr>\n<tr>\n<td width=\"237\">Cabine<\/td>\n<td width=\"398\">4 portes \u00e0 double rang\u00e9e, 6 personnes(2+4)<\/td>\n<\/tr>\n<tr>\n<td width=\"237\">Vitesse maximale<\/td>\n<td width=\"398\">90 km\/h<\/td>\n<\/tr>\n<tr>\n<td width=\"237\">D\u00e9bit de la pompe \u00e0 incendie<\/td>\n<td width=\"398\">80 L\/s @1,0 MPa<\/td>\n<\/tr>\n<tr>\n<td width=\"237\">Volume du r\u00e9servoir<\/td>\n<td width=\"398\">15,5 m\u00b3eau(JMF160)<\/td>\n<\/tr>\n<tr>\n<td width=\"237\">Gamme de moniteurs d'incendie<\/td>\n<td width=\"398\">\u226570m(eau)<\/td>\n<\/tr>\n<tr>\n<td width=\"237\">Transmission<\/td>\n<td width=\"398\">Manuel, prise de force FullPower<\/td>\n<\/tr>\n<tr>\n<td width=\"237\">Taille des pneus<\/td>\n<td width=\"398\">385\/65R22.5\/315\/80R22.5<\/td>\n<\/tr>\n<\/tbody>\n<\/table>\n<\/div>","protected":false},"excerpt":{"rendered":"<p>Un camion de pompiers lourd de 6.4 propuls\u00e9 par un moteur diesel 341 kW MC11.46-61 Euro VI, avec un r\u00e9servoir d'eau de 15.5 m\u00b3, une pompe \u00e0 incendie \u00e0 haut d\u00e9bit de 80 L\/s, et un moniteur de tir longue port\u00e9e de \u226570 m. Il dispose d'une cabine d'\u00e9quipage \u00e0 6 places \u00e0 double rang\u00e9e et d'une vitesse maximale de 90 km\/h, id\u00e9al pour les op\u00e9rations de secours en cas d'incendie urbaines et industrielles.<\/p>","protected":false},"featured_media":987,"comment_status":"open","ping_status":"closed","template":"","meta":[],"product_brand":[],"product_cat":[28],"product_tag":[],"class_list":{"0":"post-984","1":"product","2":"type-product","3":"status-publish","4":"has-post-thumbnail","6":"product_cat-fire-truck-series","8":"first","9":"instock","10":"shipping-taxable","11":"product-type-simple"},"_links":{"self":[{"href":"https:\/\/zcwtruck.com\/fr\/wp-json\/wp\/v2\/product\/984","targetHints":{"allow":["GET"]}}],"collection":[{"href":"https:\/\/zcwtruck.com\/fr\/wp-json\/wp\/v2\/product"}],"about":[{"href":"https:\/\/zcwtruck.com\/fr\/wp-json\/wp\/v2\/types\/product"}],"replies":[{"embeddable":true,"href":"https:\/\/zcwtruck.com\/fr\/wp-json\/wp\/v2\/comments?post=984"}],"wp:featuredmedia":[{"embeddable":true,"href":"https:\/\/zcwtruck.com\/fr\/wp-json\/wp\/v2\/media\/987"}],"wp:attachment":[{"href":"https:\/\/zcwtruck.com\/fr\/wp-json\/wp\/v2\/media?parent=984"}],"wp:term":[{"taxonomy":"product_brand","embeddable":true,"href":"https:\/\/zcwtruck.com\/fr\/wp-json\/wp\/v2\/product_brand?post=984"},{"taxonomy":"product_cat","embeddable":true,"href":"https:\/\/zcwtruck.com\/fr\/wp-json\/wp\/v2\/product_cat?post=984"},{"taxonomy":"product_tag","embeddable":true,"href":"https:\/\/zcwtruck.com\/fr\/wp-json\/wp\/v2\/product_tag?post=984"}],"curies":[{"name":"wp","href":"https:\/\/api.w.org\/{rel}","templated":true}]}}