{"id":982,"date":"2026-03-23T10:34:19","date_gmt":"2026-03-23T10:34:19","guid":{"rendered":"https:\/\/zcwtruck.com\/?post_type=product&#038;p=982"},"modified":"2026-03-25T07:59:24","modified_gmt":"2026-03-25T07:59:24","slug":"sinotruk-howo-light-duty-road-sweeper-truck","status":"publish","type":"product","link":"https:\/\/zcwtruck.com\/fr\/product\/sinotruk-howo-light-duty-road-sweeper-truck\/","title":{"rendered":"Camion balayeur routier l\u00e9ger Sinotruk Howo"},"content":{"rendered":"<div style=\"overflow-x: auto; width: 100%;\">\n<table style=\"width: 100%; border-collapse: collapse;\">\n<tbody>\n<tr>\n<td width=\"227\">Article<\/td>\n<td width=\"432\">Sp\u00e9cification<\/td>\n<\/tr>\n<tr>\n<td width=\"227\">Marque et mod\u00e8le<\/td>\n<td width=\"432\">Camion balayeuse de route SINOTRUK HOWO 4\u00d72<\/td>\n<\/tr>\n<tr>\n<td width=\"227\">Type de lecteur<\/td>\n<td width=\"432\">4\u00d72<\/td>\n<\/tr>\n<tr>\n<td width=\"227\">Largeur de balayage<\/td>\n<td width=\"432\">2,5-3,0 m<\/td>\n<\/tr>\n<tr>\n<td width=\"227\">Volume de tr\u00e9mie<\/td>\n<td width=\"432\">4-6m\u00b3<\/td>\n<\/tr>\n<tr>\n<td width=\"227\">Volume du r\u00e9servoir d'eau<\/td>\n<td width=\"432\">2-3m\u00b3<\/td>\n<\/tr>\n<tr>\n<td width=\"227\">Moteur<\/td>\n<td width=\"432\">Moteur diesel Sinotruk\/Yunnei, 110-160 CV<\/td>\n<\/tr>\n<tr>\n<td width=\"227\">Norme d'\u00e9mission<\/td>\n<td width=\"432\">Euro 5\/Chine National Stage VI<\/td>\n<\/tr>\n<tr>\n<td width=\"227\">Transmission<\/td>\n<td width=\"432\">Manuel 5\/6 vitesses<\/td>\n<\/tr>\n<tr>\n<td width=\"227\">Cabine<\/td>\n<td width=\"432\">Une rang\u00e9e, 2-3 si\u00e8ges<\/td>\n<\/tr>\n<tr>\n<td width=\"227\">Balayage Pinceaux<\/td>\n<td width=\"432\">2-4 brosses lat\u00e9rales +1 rouleau aspirant moyen<\/td>\n<\/tr>\n<tr>\n<td width=\"227\">Efficacit\u00e9 Nettoyage<\/td>\n<td width=\"432\">\u226595%<\/td>\n<\/tr>\n<tr>\n<td width=\"227\">Vitesse maximale<\/td>\n<td width=\"432\">90 km\/h<\/td>\n<\/tr>\n<\/tbody>\n<\/table>\n<\/div>","protected":false},"excerpt":{"rendered":"<p>Un v\u00e9hicule d'assainissement urbain compact et fiable construit sur le ch\u00e2ssis l\u00e9ger howo Il dispose d'une tr\u00e9mie \u00e0 poussi\u00e8re de 4 m\u00b3 et d'un r\u00e9servoir d'eau de 2 m\u00b3 m\u00b3, avec des brosses lat\u00e9rales efficaces et un syst\u00e8me d'aspiration, id\u00e9al pour le nettoyage des rues, la suppression de la poussi\u00e8re et l'entretien des chauss\u00e9es dans les zones r\u00e9sidentielles, les parcs et les routes urbaines.<\/p>","protected":false},"featured_media":983,"comment_status":"open","ping_status":"closed","template":"","meta":[],"product_brand":[],"product_cat":[27],"product_tag":[],"class_list":{"0":"post-982","1":"product","2":"type-product","3":"status-publish","4":"has-post-thumbnail","6":"product_cat-sweeper-series","8":"first","9":"instock","10":"shipping-taxable","11":"product-type-simple"},"_links":{"self":[{"href":"https:\/\/zcwtruck.com\/fr\/wp-json\/wp\/v2\/product\/982","targetHints":{"allow":["GET"]}}],"collection":[{"href":"https:\/\/zcwtruck.com\/fr\/wp-json\/wp\/v2\/product"}],"about":[{"href":"https:\/\/zcwtruck.com\/fr\/wp-json\/wp\/v2\/types\/product"}],"replies":[{"embeddable":true,"href":"https:\/\/zcwtruck.com\/fr\/wp-json\/wp\/v2\/comments?post=982"}],"wp:featuredmedia":[{"embeddable":true,"href":"https:\/\/zcwtruck.com\/fr\/wp-json\/wp\/v2\/media\/983"}],"wp:attachment":[{"href":"https:\/\/zcwtruck.com\/fr\/wp-json\/wp\/v2\/media?parent=982"}],"wp:term":[{"taxonomy":"product_brand","embeddable":true,"href":"https:\/\/zcwtruck.com\/fr\/wp-json\/wp\/v2\/product_brand?post=982"},{"taxonomy":"product_cat","embeddable":true,"href":"https:\/\/zcwtruck.com\/fr\/wp-json\/wp\/v2\/product_cat?post=982"},{"taxonomy":"product_tag","embeddable":true,"href":"https:\/\/zcwtruck.com\/fr\/wp-json\/wp\/v2\/product_tag?post=982"}],"curies":[{"name":"wp","href":"https:\/\/api.w.org\/{rel}","templated":true}]}}