{"id":980,"date":"2026-03-23T10:30:18","date_gmt":"2026-03-23T10:30:18","guid":{"rendered":"https:\/\/zcwtruck.com\/?post_type=product&#038;p=980"},"modified":"2026-03-25T08:01:15","modified_gmt":"2026-03-25T08:01:15","slug":"dongfeng-dolica-light-duty-road-sweeper-truck","status":"publish","type":"product","link":"https:\/\/zcwtruck.com\/fr\/product\/dongfeng-dolica-light-duty-road-sweeper-truck\/","title":{"rendered":"Camion balayeuse de route Dongfeng Duolika 4\u00d72"},"content":{"rendered":"<div style=\"overflow-x: auto; width: 100%;\">\n<table style=\"width: 100%; border-collapse: collapse;\">\n<tbody>\n<tr style=\"height: 22.25pt;\">\n<td class=\"et2\" style=\"height: 22.25pt; width: 71.25pt;\" width=\"166\" height=\"51\"><span class=\"font3\">Article<\/span><\/td>\n<td class=\"et2\" style=\"width: 84.75pt;\" width=\"197\"><span class=\"font3\">Sp\u00e9cification<\/span><\/td>\n<\/tr>\n<tr style=\"height: 22.00pt;\">\n<td class=\"et3\" style=\"height: 22.00pt; width: 71.25pt;\" width=\"166\" height=\"51\"><span class=\"font4\">Marque<\/span><\/td>\n<td class=\"et3\" style=\"width: 84.75pt;\" width=\"197\"><span class=\"font4\">Dongfeng<\/span><\/td>\n<\/tr>\n<tr style=\"height: 22.50pt;\">\n<td class=\"et3\" style=\"height: 22.50pt; width: 71.25pt;\" width=\"166\" height=\"52\"><span class=\"font4\">Mod\u00e8le<\/span><\/td>\n<td class=\"et3\" style=\"width: 84.75pt;\" width=\"197\"><span class=\"font4\">Duolika 4\u00d72<\/span><\/td>\n<\/tr>\n<tr style=\"height: 22.00pt;\">\n<td class=\"et3\" style=\"height: 22.00pt; width: 71.25pt;\" width=\"166\" height=\"51\"><span class=\"font4\">Type<\/span><\/td>\n<td class=\"et3\" style=\"width: 84.75pt;\" width=\"197\"><span class=\"font4\">Camion balayeur routier<\/span><\/td>\n<\/tr>\n<tr style=\"height: 22.00pt;\">\n<td class=\"et3\" style=\"height: 22.00pt; width: 71.25pt;\" width=\"166\" height=\"51\"><span class=\"font4\">Conduire<\/span><\/td>\n<td class=\"et2\" style=\"width: 84.75pt;\" width=\"197\"><span class=\"font3\">4\u00d72<\/span><\/td>\n<\/tr>\n<tr style=\"height: 22.00pt;\">\n<td class=\"et3\" style=\"height: 22.00pt; width: 71.25pt;\" width=\"166\" height=\"51\"><span class=\"font4\">Largeur de balayage<\/span><\/td>\n<td class=\"et3\" style=\"width: 84.75pt;\" width=\"197\"><span class=\"font4\">2,8-3,5 m<\/span><\/td>\n<\/tr>\n<tr style=\"height: 20.25pt;\">\n<td class=\"et3\" style=\"height: 20.25pt; width: 71.25pt;\" width=\"166\" height=\"47\"><span class=\"font4\">\u00c9mission<\/span><\/td>\n<td class=\"et3\" style=\"width: 84.75pt;\" width=\"197\"><span class=\"font4\">Euro VI<\/span><\/td>\n<\/tr>\n<\/tbody>\n<\/table>\n<\/div>","protected":false},"excerpt":{"rendered":"<p>Ce camion est largement utilis\u00e9 pour le balayage des routes, le nettoyage de la poussi\u00e8re et l'assainissement municipal Il pr\u00e9sente des performances stables, une efficacit\u00e9 \u00e9lev\u00e9e et une utilisation facile.<br \/>\nTous les v\u00e9hicules peuvent \u00eatre personnalis\u00e9s en termes de marque, de couleur, de ch\u00e2ssis et d'\u00e9quipement sup\u00e9rieur.<\/p>","protected":false},"featured_media":981,"comment_status":"open","ping_status":"closed","template":"","meta":[],"product_brand":[],"product_cat":[27],"product_tag":[],"class_list":{"0":"post-980","1":"product","2":"type-product","3":"status-publish","4":"has-post-thumbnail","6":"product_cat-sweeper-series","8":"first","9":"instock","10":"shipping-taxable","11":"product-type-simple"},"_links":{"self":[{"href":"https:\/\/zcwtruck.com\/fr\/wp-json\/wp\/v2\/product\/980","targetHints":{"allow":["GET"]}}],"collection":[{"href":"https:\/\/zcwtruck.com\/fr\/wp-json\/wp\/v2\/product"}],"about":[{"href":"https:\/\/zcwtruck.com\/fr\/wp-json\/wp\/v2\/types\/product"}],"replies":[{"embeddable":true,"href":"https:\/\/zcwtruck.com\/fr\/wp-json\/wp\/v2\/comments?post=980"}],"wp:featuredmedia":[{"embeddable":true,"href":"https:\/\/zcwtruck.com\/fr\/wp-json\/wp\/v2\/media\/981"}],"wp:attachment":[{"href":"https:\/\/zcwtruck.com\/fr\/wp-json\/wp\/v2\/media?parent=980"}],"wp:term":[{"taxonomy":"product_brand","embeddable":true,"href":"https:\/\/zcwtruck.com\/fr\/wp-json\/wp\/v2\/product_brand?post=980"},{"taxonomy":"product_cat","embeddable":true,"href":"https:\/\/zcwtruck.com\/fr\/wp-json\/wp\/v2\/product_cat?post=980"},{"taxonomy":"product_tag","embeddable":true,"href":"https:\/\/zcwtruck.com\/fr\/wp-json\/wp\/v2\/product_tag?post=980"}],"curies":[{"name":"wp","href":"https:\/\/api.w.org\/{rel}","templated":true}]}}