{"id":963,"date":"2026-03-23T09:51:01","date_gmt":"2026-03-23T09:51:01","guid":{"rendered":"https:\/\/zcwtruck.com\/?post_type=product&#038;p=963"},"modified":"2026-03-25T08:03:39","modified_gmt":"2026-03-25T08:03:39","slug":"dongfeng-dolica-light-duty-water-fire-truck","status":"publish","type":"product","link":"https:\/\/zcwtruck.com\/fr\/product\/dongfeng-dolica-light-duty-water-fire-truck\/","title":{"rendered":"Camion de pompiers \u00e0 eau l\u00e9g\u00e8re Dongfeng Dolica"},"content":{"rendered":"<div style=\"overflow-x: auto; width: 100%;\">\n<table style=\"width: 100%; border-collapse: collapse;\">\n<tbody>\n<tr>\n<td width=\"224\">Article<\/td>\n<td width=\"432\">Sp\u00e9cification<\/td>\n<\/tr>\n<tr>\n<td width=\"224\">Marque et mod\u00e8le<\/td>\n<td width=\"432\">Camion de pompiers \u00e0 eau Dongfeng Dolica 4\u00d72<\/td>\n<\/tr>\n<tr>\n<td width=\"224\">Type de lecteur<\/td>\n<td width=\"432\">4\u00d72<\/td>\n<\/tr>\n<tr>\n<td width=\"224\">Volume du r\u00e9servoir d'eau<\/td>\n<td width=\"432\">4-6m\u00b3<\/td>\n<\/tr>\n<tr>\n<td width=\"224\">Moteur<\/td>\n<td width=\"432\">Moteur Dongfeng\/Cummins Diese, 110-160 CV<\/td>\n<\/tr>\n<tr>\n<td width=\"224\">Norme d'\u00e9mission<\/td>\n<td width=\"432\">Euro 5\/Chine National Stage VI<\/td>\n<\/tr>\n<tr>\n<td width=\"224\">Transmission<\/td>\n<td width=\"432\">Manuel 5\/6 vitesses<\/td>\n<\/tr>\n<tr>\n<td width=\"224\">Cabine<\/td>\n<td width=\"432\">4 portes \u00e0 double rang\u00e9e, 5-6 places<\/td>\n<\/tr>\n<tr>\n<td width=\"224\">D\u00e9bit de la pompe \u00e0 incendie<\/td>\n<td width=\"432\">20-30 L\/s @1,0 MPa<\/td>\n<\/tr>\n<tr>\n<td width=\"224\">Gamme de moniteurs d'incendie<\/td>\n<td width=\"432\">\u226545-50 m(eau)<\/td>\n<\/tr>\n<tr>\n<td width=\"224\">Vitesse maximale<\/td>\n<td width=\"432\">90 km\/h<\/td>\n<\/tr>\n<tr>\n<td width=\"224\">Couleur du corps<\/td>\n<td width=\"432\">Rouge Feu<\/td>\n<\/tr>\n<\/tbody>\n<\/table>\n<\/div>","protected":false},"excerpt":{"rendered":"<p>Un v\u00e9hicule de secours urbain compact et agile construit sur le ch\u00e2ssis fiable Dongfeng l\u00e9ger Il dispose d'un r\u00e9servoir d'eau de 4 m\u00b3, d'une pompe \u00e0 incendie \u00e0 haut rendement et d'un moniteur d'incendie \u00e0 longue port\u00e9e, id\u00e9al pour la pr\u00e9vention des incendies communautaires, la suppression des incendies \u00e0 petite \u00e9chelle et les op\u00e9rations de sauvetage d'urgence en milieu urbain.<\/p>","protected":false},"featured_media":964,"comment_status":"open","ping_status":"closed","template":"","meta":[],"product_brand":[],"product_cat":[28],"product_tag":[],"class_list":{"0":"post-963","1":"product","2":"type-product","3":"status-publish","4":"has-post-thumbnail","6":"product_cat-fire-truck-series","8":"first","9":"instock","10":"shipping-taxable","11":"product-type-simple"},"_links":{"self":[{"href":"https:\/\/zcwtruck.com\/fr\/wp-json\/wp\/v2\/product\/963","targetHints":{"allow":["GET"]}}],"collection":[{"href":"https:\/\/zcwtruck.com\/fr\/wp-json\/wp\/v2\/product"}],"about":[{"href":"https:\/\/zcwtruck.com\/fr\/wp-json\/wp\/v2\/types\/product"}],"replies":[{"embeddable":true,"href":"https:\/\/zcwtruck.com\/fr\/wp-json\/wp\/v2\/comments?post=963"}],"wp:featuredmedia":[{"embeddable":true,"href":"https:\/\/zcwtruck.com\/fr\/wp-json\/wp\/v2\/media\/964"}],"wp:attachment":[{"href":"https:\/\/zcwtruck.com\/fr\/wp-json\/wp\/v2\/media?parent=963"}],"wp:term":[{"taxonomy":"product_brand","embeddable":true,"href":"https:\/\/zcwtruck.com\/fr\/wp-json\/wp\/v2\/product_brand?post=963"},{"taxonomy":"product_cat","embeddable":true,"href":"https:\/\/zcwtruck.com\/fr\/wp-json\/wp\/v2\/product_cat?post=963"},{"taxonomy":"product_tag","embeddable":true,"href":"https:\/\/zcwtruck.com\/fr\/wp-json\/wp\/v2\/product_tag?post=963"}],"curies":[{"name":"wp","href":"https:\/\/api.w.org\/{rel}","templated":true}]}}