{"id":941,"date":"2026-03-23T08:27:18","date_gmt":"2026-03-23T08:27:18","guid":{"rendered":"https:\/\/zcwtruck.com\/?post_type=product&#038;p=941"},"modified":"2026-03-25T08:15:23","modified_gmt":"2026-03-25T08:15:23","slug":"shacman-6x4-suction-sewage-truck","status":"publish","type":"product","link":"https:\/\/zcwtruck.com\/fr\/product\/shacman-6x4-suction-sewage-truck\/","title":{"rendered":"Camion d'\u00e9puration d'aspiration Shacman 6.4"},"content":{"rendered":"<div style=\"overflow-x: auto; width: 100%;\">\n<table style=\"width: 100%; border-collapse: collapse;\">\n<tbody>\n<tr>\n<td width=\"203\">Article<\/td>\n<td width=\"449\">Sp\u00e9cification<\/td>\n<\/tr>\n<tr>\n<td width=\"203\">Marque et mod\u00e8le<\/td>\n<td width=\"449\">Camion d'\u00e9puration d'aspiration Shacman 6.4<\/td>\n<\/tr>\n<tr>\n<td width=\"203\">Type de lecteur<\/td>\n<td width=\"449\">6\u00d74<\/td>\n<\/tr>\n<tr>\n<td width=\"203\">Volume du r\u00e9servoir<\/td>\n<td width=\"449\">12-18m\u00b3<\/td>\n<\/tr>\n<tr>\n<td width=\"203\">Moteur<\/td>\n<td width=\"449\">Moteur diesel Weichai\/Cummins, 270-340 CV<\/td>\n<\/tr>\n<tr>\n<td width=\"203\">Norme d'\u00e9mission<\/td>\n<td width=\"449\">Euro 5\/Chine National Stage VI<\/td>\n<\/tr>\n<tr>\n<td width=\"203\">Transmission<\/td>\n<td width=\"449\">Manuel \u00e0 10\/12 vitesses<\/td>\n<\/tr>\n<tr>\n<td width=\"203\">Cabine<\/td>\n<td width=\"449\">Double rang\u00e9e, 2-3 places<\/td>\n<\/tr>\n<tr>\n<td width=\"203\">Pompe d'aspiration<\/td>\n<td width=\"449\">Pompe \u00e0 vide haute puissance, d\u00e9bit \u2265400 L\/min<\/td>\n<\/tr>\n<tr>\n<td width=\"203\">Profondeur d'aspiration<\/td>\n<td width=\"449\">\u22658m<\/td>\n<\/tr>\n<tr>\n<td width=\"203\">M\u00e9thode de d\u00e9charge<\/td>\n<td width=\"449\">D\u00e9charge gravitaire + d\u00e9charge de pression<\/td>\n<\/tr>\n<tr>\n<td width=\"203\">Mat\u00e9riel de r\u00e9servoir<\/td>\n<td width=\"449\">Acier au carbone avec doublure anticorrosion<\/td>\n<\/tr>\n<\/tbody>\n<\/table>","protected":false},"excerpt":{"rendered":"<p>Un robuste v\u00e9hicule d'assainissement municipal construit sur le ch\u00e2ssis robuste fiable Shacman Il dispose d'un grand r\u00e9servoir r\u00e9sistant \u00e0 la corrosion de 12 m\u00b3 et d'une pompe \u00e0 vide haute performance, id\u00e9al pour le transfert de boues industrielles, le dragage de pipelines municipaux et les op\u00e9rations de nettoyage de fosses septiques \u00e0 grande \u00e9chelle.<\/p>","protected":false},"featured_media":942,"comment_status":"open","ping_status":"closed","template":"","meta":[],"product_brand":[],"product_cat":[24],"product_tag":[],"class_list":{"0":"post-941","1":"product","2":"type-product","3":"status-publish","4":"has-post-thumbnail","6":"product_cat-sewage-suction-truck-series","8":"first","9":"instock","10":"shipping-taxable","11":"product-type-simple"},"_links":{"self":[{"href":"https:\/\/zcwtruck.com\/fr\/wp-json\/wp\/v2\/product\/941","targetHints":{"allow":["GET"]}}],"collection":[{"href":"https:\/\/zcwtruck.com\/fr\/wp-json\/wp\/v2\/product"}],"about":[{"href":"https:\/\/zcwtruck.com\/fr\/wp-json\/wp\/v2\/types\/product"}],"replies":[{"embeddable":true,"href":"https:\/\/zcwtruck.com\/fr\/wp-json\/wp\/v2\/comments?post=941"}],"wp:featuredmedia":[{"embeddable":true,"href":"https:\/\/zcwtruck.com\/fr\/wp-json\/wp\/v2\/media\/942"}],"wp:attachment":[{"href":"https:\/\/zcwtruck.com\/fr\/wp-json\/wp\/v2\/media?parent=941"}],"wp:term":[{"taxonomy":"product_brand","embeddable":true,"href":"https:\/\/zcwtruck.com\/fr\/wp-json\/wp\/v2\/product_brand?post=941"},{"taxonomy":"product_cat","embeddable":true,"href":"https:\/\/zcwtruck.com\/fr\/wp-json\/wp\/v2\/product_cat?post=941"},{"taxonomy":"product_tag","embeddable":true,"href":"https:\/\/zcwtruck.com\/fr\/wp-json\/wp\/v2\/product_tag?post=941"}],"curies":[{"name":"wp","href":"https:\/\/api.w.org\/{rel}","templated":true}]}}