{"id":939,"date":"2026-03-23T08:24:54","date_gmt":"2026-03-23T08:24:54","guid":{"rendered":"https:\/\/zcwtruck.com\/?post_type=product&#038;p=939"},"modified":"2026-03-25T08:18:25","modified_gmt":"2026-03-25T08:18:25","slug":"sinotruk-howo-light-duty-suction-sewage-truck","status":"publish","type":"product","link":"https:\/\/zcwtruck.com\/fr\/product\/sinotruk-howo-light-duty-suction-sewage-truck\/","title":{"rendered":"Camion d'\u00e9puration d'aspiration l\u00e9ger Sinotruk Howo"},"content":{"rendered":"<div style=\"overflow-x: auto; width: 100%;\">\n<table style=\"width: 100%; border-collapse: collapse;\">\n<tbody>\n<tr>\n<td width=\"203\">Article<\/td>\n<td width=\"524\">Sp\u00e9cification<\/td>\n<\/tr>\n<tr>\n<td width=\"203\">Marque et mod\u00e8le<\/td>\n<td width=\"524\">Camion d'\u00e9puration d'aspiration l\u00e9ger Sinotruk Howo<\/td>\n<\/tr>\n<tr>\n<td width=\"203\">Type de lecteur<\/td>\n<td width=\"524\">4\u00d72<\/td>\n<\/tr>\n<tr>\n<td width=\"203\">Volume du r\u00e9servoir<\/td>\n<td width=\"524\">5-8m\u00b3<\/td>\n<\/tr>\n<tr>\n<td width=\"203\">Moteur<\/td>\n<td width=\"524\">Moteur diesel Sinotruk\/Yunnei, 110-160 CV<\/td>\n<\/tr>\n<tr>\n<td width=\"203\">Norme d'\u00e9mission<\/td>\n<td width=\"524\">Euro 5\/Chine National Stage VI<\/td>\n<\/tr>\n<tr>\n<td width=\"203\">Transmission<\/td>\n<td width=\"524\">Manuel 5\/6 vitesses<\/td>\n<\/tr>\n<tr>\n<td width=\"203\">Cabine<\/td>\n<td width=\"524\">Une rang\u00e9e, 2-3 si\u00e8ges<\/td>\n<\/tr>\n<tr>\n<td width=\"203\">Pompe d'aspiration<\/td>\n<td width=\"524\">Pompe \u00e0 vide, d\u00e9bit \u2265250 L\/min<\/td>\n<\/tr>\n<tr>\n<td width=\"203\">Profondeur d'aspiration<\/td>\n<td width=\"524\">\u22655m<\/td>\n<\/tr>\n<tr>\n<td width=\"203\">M\u00e9thode de d\u00e9charge<\/td>\n<td width=\"524\">D\u00e9charge gravitaire + d\u00e9charge de pression<\/td>\n<\/tr>\n<tr>\n<td width=\"203\">Mat\u00e9riel de r\u00e9servoir<\/td>\n<td width=\"524\">St\u00e9 de carbone avec rev\u00eatement anticorrosion<\/td>\n<\/tr>\n<\/tbody>\n<\/table>","protected":false},"excerpt":{"rendered":"<p>Un v\u00e9hicule d'assainissement compact et fiable construit sur le ch\u00e2ssis l\u00e9ger Howo Il dispose d'un r\u00e9servoir r\u00e9sistant \u00e0 la corrosion de 5 m\u00b3 et d'une pompe \u00e0 vide haute performance, id\u00e9ale pour les op\u00e9rations de nettoyage des fosses septiques urbaines, d'aspiration des eaux us\u00e9es et de transfert de boues.<\/p>","protected":false},"featured_media":940,"comment_status":"open","ping_status":"closed","template":"","meta":[],"product_brand":[],"product_cat":[24],"product_tag":[],"class_list":{"0":"post-939","1":"product","2":"type-product","3":"status-publish","4":"has-post-thumbnail","6":"product_cat-sewage-suction-truck-series","8":"first","9":"instock","10":"shipping-taxable","11":"product-type-simple"},"_links":{"self":[{"href":"https:\/\/zcwtruck.com\/fr\/wp-json\/wp\/v2\/product\/939","targetHints":{"allow":["GET"]}}],"collection":[{"href":"https:\/\/zcwtruck.com\/fr\/wp-json\/wp\/v2\/product"}],"about":[{"href":"https:\/\/zcwtruck.com\/fr\/wp-json\/wp\/v2\/types\/product"}],"replies":[{"embeddable":true,"href":"https:\/\/zcwtruck.com\/fr\/wp-json\/wp\/v2\/comments?post=939"}],"wp:featuredmedia":[{"embeddable":true,"href":"https:\/\/zcwtruck.com\/fr\/wp-json\/wp\/v2\/media\/940"}],"wp:attachment":[{"href":"https:\/\/zcwtruck.com\/fr\/wp-json\/wp\/v2\/media?parent=939"}],"wp:term":[{"taxonomy":"product_brand","embeddable":true,"href":"https:\/\/zcwtruck.com\/fr\/wp-json\/wp\/v2\/product_brand?post=939"},{"taxonomy":"product_cat","embeddable":true,"href":"https:\/\/zcwtruck.com\/fr\/wp-json\/wp\/v2\/product_cat?post=939"},{"taxonomy":"product_tag","embeddable":true,"href":"https:\/\/zcwtruck.com\/fr\/wp-json\/wp\/v2\/product_tag?post=939"}],"curies":[{"name":"wp","href":"https:\/\/api.w.org\/{rel}","templated":true}]}}