{"id":937,"date":"2026-03-23T08:23:31","date_gmt":"2026-03-23T08:23:31","guid":{"rendered":"https:\/\/zcwtruck.com\/?post_type=product&#038;p=937"},"modified":"2026-03-25T08:20:31","modified_gmt":"2026-03-25T08:20:31","slug":"isuzu-4x2-suction-sewage-truck","status":"publish","type":"product","link":"https:\/\/zcwtruck.com\/fr\/product\/isuzu-4x2-suction-sewage-truck\/","title":{"rendered":"Camion d'\u00e9puration d'aspiration Isuzu 4.2"},"content":{"rendered":"<div style=\"overflow-x: auto; width: 100%;\">\n<table style=\"width: 100%; border-collapse: collapse;\">\n<tbody>\n<tr>\n<td width=\"203\">Article<\/td>\n<td width=\"459\">Sp\u00e9cification<\/td>\n<\/tr>\n<tr>\n<td width=\"203\">Marque et mod\u00e8le<\/td>\n<td width=\"459\">Camion d'\u00e9puration d'aspiration Isuzu 700 P\/EIf<\/td>\n<\/tr>\n<tr>\n<td width=\"203\">Type de lecteur<\/td>\n<td width=\"459\">4\u00d72<\/td>\n<\/tr>\n<tr>\n<td width=\"203\">Volume du r\u00e9servoir<\/td>\n<td width=\"459\">8-10 m\u00b3 (r\u00e9servoir d'aspiration des eaux us\u00e9es)<\/td>\n<\/tr>\n<tr>\n<td width=\"203\">Moteur<\/td>\n<td width=\"459\">Moteur diesel Isuzu 4HK1\/4JJ1, 130-190 CV<\/td>\n<\/tr>\n<tr>\n<td width=\"203\">Norme d'\u00e9mission<\/td>\n<td width=\"459\">Euro 5\/Chine National Stage VI<\/td>\n<\/tr>\n<tr>\n<td width=\"203\">Transmission<\/td>\n<td width=\"459\">Manuel \u00e0 6 vitesses<\/td>\n<\/tr>\n<tr>\n<td width=\"203\">Cabine<\/td>\n<td width=\"459\">Une rang\u00e9e, 2-3 si\u00e8ges<\/td>\n<\/tr>\n<tr>\n<td width=\"203\">Pompe d'aspiration<\/td>\n<td width=\"459\">Pompe \u00e0 vide, d\u00e9bit \u2265300 L\/min<\/td>\n<\/tr>\n<tr>\n<td width=\"203\">Profondeur d'aspiration<\/td>\n<td width=\"459\">\u22656m<\/td>\n<\/tr>\n<tr>\n<td width=\"203\">M\u00e9thode de d\u00e9charge<\/td>\n<td width=\"459\">D\u00e9charge gravitaire + d\u00e9charge de pression<\/td>\n<\/tr>\n<tr>\n<td width=\"203\">Mat\u00e9riel de r\u00e9servoir<\/td>\n<td width=\"459\">Acier au carbone (garniture anti-corrosion en option)<\/td>\n<\/tr>\n<\/tbody>\n<\/table>\n<\/div>","protected":false},"excerpt":{"rendered":"<p>V\u00e9hicule d'assainissement urbain \u00e0 haut rendement construit sur le ch\u00e2ssis Isuzu l\u00e9ger fiable Equip\u00e9 d'un r\u00e9servoir r\u00e9sistant \u00e0 la corrosion de 810 m\u00b3 et d'une puissante pompe \u00e0 vide, il est id\u00e9al pour les op\u00e9rations municipales d'aspiration des eaux us\u00e9es, de transfert des boues et de nettoyage des fosses septiques.<\/p>","protected":false},"featured_media":938,"comment_status":"open","ping_status":"closed","template":"","meta":[],"product_brand":[],"product_cat":[24],"product_tag":[],"class_list":{"0":"post-937","1":"product","2":"type-product","3":"status-publish","4":"has-post-thumbnail","6":"product_cat-sewage-suction-truck-series","8":"first","9":"instock","10":"shipping-taxable","11":"product-type-simple"},"_links":{"self":[{"href":"https:\/\/zcwtruck.com\/fr\/wp-json\/wp\/v2\/product\/937","targetHints":{"allow":["GET"]}}],"collection":[{"href":"https:\/\/zcwtruck.com\/fr\/wp-json\/wp\/v2\/product"}],"about":[{"href":"https:\/\/zcwtruck.com\/fr\/wp-json\/wp\/v2\/types\/product"}],"replies":[{"embeddable":true,"href":"https:\/\/zcwtruck.com\/fr\/wp-json\/wp\/v2\/comments?post=937"}],"wp:featuredmedia":[{"embeddable":true,"href":"https:\/\/zcwtruck.com\/fr\/wp-json\/wp\/v2\/media\/938"}],"wp:attachment":[{"href":"https:\/\/zcwtruck.com\/fr\/wp-json\/wp\/v2\/media?parent=937"}],"wp:term":[{"taxonomy":"product_brand","embeddable":true,"href":"https:\/\/zcwtruck.com\/fr\/wp-json\/wp\/v2\/product_brand?post=937"},{"taxonomy":"product_cat","embeddable":true,"href":"https:\/\/zcwtruck.com\/fr\/wp-json\/wp\/v2\/product_cat?post=937"},{"taxonomy":"product_tag","embeddable":true,"href":"https:\/\/zcwtruck.com\/fr\/wp-json\/wp\/v2\/product_tag?post=937"}],"curies":[{"name":"wp","href":"https:\/\/api.w.org\/{rel}","templated":true}]}}