{"id":931,"date":"2026-03-23T08:13:20","date_gmt":"2026-03-23T08:13:20","guid":{"rendered":"https:\/\/zcwtruck.com\/?post_type=product&#038;p=931"},"modified":"2026-03-25T09:16:07","modified_gmt":"2026-03-25T09:16:07","slug":"shacman-6x4-water-sprinkler-truck","status":"publish","type":"product","link":"https:\/\/zcwtruck.com\/fr\/product\/shacman-6x4-water-sprinkler-truck\/","title":{"rendered":"Camion gicleur \u00e0 eau Shacman 6\u00d74"},"content":{"rendered":"<div style=\"overflow-x: auto; width: 100%;\">\n<table style=\"width: 100%; border-collapse: collapse;\">\n<tbody>\n<tr>\n<td width=\"204\">Article<\/td>\n<td width=\"413\">Sp\u00e9cification<\/td>\n<\/tr>\n<tr>\n<td width=\"204\">Marque et mod\u00e8le<\/td>\n<td width=\"413\">Camion gicleur \u00e0 eau Shacman 6\u00d74<\/td>\n<\/tr>\n<tr>\n<td width=\"204\">Type de lecteur<\/td>\n<td width=\"413\">6\u00d74<\/td>\n<\/tr>\n<tr>\n<td width=\"204\">Volume du r\u00e9servoir d'eau<\/td>\n<td width=\"413\">15-25m\u00b3<\/td>\n<\/tr>\n<tr>\n<td width=\"204\">Moteur<\/td>\n<td width=\"413\">Moteur diesel Weichai\/Cummins, 270-340 CV<\/td>\n<\/tr>\n<tr>\n<td width=\"204\">Norme d'\u00e9mission<\/td>\n<td width=\"413\">Euro 5\/Chine National Stage VI<\/td>\n<\/tr>\n<tr>\n<td width=\"204\">Transmission<\/td>\n<td width=\"413\">Manuel \u00e0 10\/12 vitesses<\/td>\n<\/tr>\n<tr>\n<td width=\"204\">Cabine<\/td>\n<td width=\"413\">Une rang\u00e9e, 2-3 si\u00e8ges<\/td>\n<\/tr>\n<tr>\n<td width=\"204\">Largeur d'aspersion<\/td>\n<td width=\"413\">12-15m<\/td>\n<\/tr>\n<tr>\n<td width=\"204\">Gamme Spray<\/td>\n<td width=\"413\">\u226530m(canon)<\/td>\n<\/tr>\n<tr>\n<td width=\"204\">D\u00e9bit de pompe<\/td>\n<td width=\"413\">40-60 m\u00b3\/h<\/td>\n<\/tr>\n<tr>\n<td width=\"204\">Vitesse maximale<\/td>\n<td width=\"413\">90 km\/h<\/td>\n<\/tr>\n<tr>\n<td width=\"204\">Couleur du corps<\/td>\n<td width=\"413\">Blanc avec bandes d\u00e9coratives bleues<\/td>\n<\/tr>\n<\/tbody>\n<\/table>\n<\/div>","protected":false},"excerpt":{"rendered":"<p>Camion asperseur d'eau robuste Shacman 6\u00d74<br \/>\nUn v\u00e9hicule d'assainissement robuste fiable construit sur le ch\u00e2ssis \u00e9prouv\u00e9 Shacman Il dispose d'un grand r\u00e9servoir d'eau de 15 m\u00b3, d'une pompe \u00e0 eau \u00e0 haut rendement et d'un syst\u00e8me de giclage multifonction, id\u00e9al pour le nettoyage des routes urbaines, la suppression de la poussi\u00e8re, l'am\u00e9nagement paysager, l'irrigation et la lutte d'urgence contre les incendies.<\/p>","protected":false},"featured_media":932,"comment_status":"open","ping_status":"closed","template":"","meta":[],"product_brand":[],"product_cat":[23],"product_tag":[],"class_list":{"0":"post-931","1":"product","2":"type-product","3":"status-publish","4":"has-post-thumbnail","6":"product_cat-sprinkler-truck-series","8":"first","9":"instock","10":"shipping-taxable","11":"product-type-simple"},"_links":{"self":[{"href":"https:\/\/zcwtruck.com\/fr\/wp-json\/wp\/v2\/product\/931","targetHints":{"allow":["GET"]}}],"collection":[{"href":"https:\/\/zcwtruck.com\/fr\/wp-json\/wp\/v2\/product"}],"about":[{"href":"https:\/\/zcwtruck.com\/fr\/wp-json\/wp\/v2\/types\/product"}],"replies":[{"embeddable":true,"href":"https:\/\/zcwtruck.com\/fr\/wp-json\/wp\/v2\/comments?post=931"}],"wp:featuredmedia":[{"embeddable":true,"href":"https:\/\/zcwtruck.com\/fr\/wp-json\/wp\/v2\/media\/932"}],"wp:attachment":[{"href":"https:\/\/zcwtruck.com\/fr\/wp-json\/wp\/v2\/media?parent=931"}],"wp:term":[{"taxonomy":"product_brand","embeddable":true,"href":"https:\/\/zcwtruck.com\/fr\/wp-json\/wp\/v2\/product_brand?post=931"},{"taxonomy":"product_cat","embeddable":true,"href":"https:\/\/zcwtruck.com\/fr\/wp-json\/wp\/v2\/product_cat?post=931"},{"taxonomy":"product_tag","embeddable":true,"href":"https:\/\/zcwtruck.com\/fr\/wp-json\/wp\/v2\/product_tag?post=931"}],"curies":[{"name":"wp","href":"https:\/\/api.w.org\/{rel}","templated":true}]}}