{"id":923,"date":"2026-03-23T07:52:31","date_gmt":"2026-03-23T07:52:31","guid":{"rendered":"https:\/\/zcwtruck.com\/?post_type=product&#038;p=923"},"modified":"2026-03-25T09:15:21","modified_gmt":"2026-03-25T09:15:21","slug":"sinotruk-howo-4x2-light-duty-compactor-garbage-trucktruck","status":"publish","type":"product","link":"https:\/\/zcwtruck.com\/fr\/product\/sinotruk-howo-4x2-light-duty-compactor-garbage-trucktruck\/","title":{"rendered":"Camion poubelle Compacteur l\u00e9ger Sinotruk Howo 4\u00d72"},"content":{"rendered":"<div style=\"overflow-x: auto; width: 100%;\">\n<table style=\"width: 100%; border-collapse: collapse;\">\n<tbody>\n<tr>\n<td width=\"216\">Article<\/td>\n<td width=\"533\">Sp\u00e9cification<\/td>\n<\/tr>\n<tr>\n<td width=\"216\">Marque et mod\u00e8le<\/td>\n<td width=\"533\">Camion de gabage de compacteur l\u00e9ger SINOTRUK HOWO<\/td>\n<\/tr>\n<tr>\n<td width=\"216\">Type de lecteur<\/td>\n<td width=\"533\">4\u00d72<\/td>\n<\/tr>\n<tr>\n<td width=\"216\">Volume de la bo\u00eete \u00e0 ordures<\/td>\n<td width=\"533\">6-8m\u00b3<\/td>\n<\/tr>\n<tr>\n<td width=\"216\">Moteur<\/td>\n<td width=\"533\">Moteur diesel Sinotruk\/Cummins, 110-160 CV<\/td>\n<\/tr>\n<tr>\n<td width=\"216\">Norme d'\u00e9mission<\/td>\n<td width=\"533\">Euro 5\/Chine National Stage VI<\/td>\n<\/tr>\n<tr>\n<td width=\"216\">Transmission<\/td>\n<td width=\"533\">Manuel 5\/6 vitesses<\/td>\n<\/tr>\n<tr>\n<td width=\"216\">Cabine<\/td>\n<td width=\"533\">Une rang\u00e9e, 2-3 si\u00e8ges<\/td>\n<\/tr>\n<tr>\n<td width=\"216\">Rapport de compression<\/td>\n<td width=\"533\">\u22652,5<\/td>\n<\/tr>\n<tr>\n<td width=\"216\">M\u00e9thode de chargement<\/td>\n<td width=\"533\">Chargeur Arri\u00e8re<\/td>\n<\/tr>\n<tr>\n<td width=\"216\">Syst\u00e8me de contr\u00f4le<\/td>\n<td width=\"533\">Manuel +PLC Automatique<\/td>\n<\/tr>\n<tr>\n<td width=\"216\">Syst\u00e8me hydraulique<\/td>\n<td width=\"533\">Hydraulique Haute Pression<\/td>\n<\/tr>\n<tr>\n<td width=\"216\">M\u00e9thode de d\u00e9charge<\/td>\n<td width=\"533\">Plaque de pouss\u00e9e hydraulique<\/td>\n<\/tr>\n<\/tbody>\n<\/table>","protected":false},"excerpt":{"rendered":"<p>Un v\u00e9hicule fiable de collecte des ordures 4\u00d72 avec un r\u00e9servoir de compactage scell\u00e9 de 68 m\u00b3, id\u00e9al pour le nettoyage des rues urbaines et le transfert des d\u00e9chets r\u00e9sidentiels Il dispose d'un syst\u00e8me hydraulique \u00e0 haut rendement, d'un m\u00e9canisme de chargement arri\u00e8re et d'un moteur diesel Euro VI \u00e9cologique, garantissant une compression efficace des d\u00e9chets et de faibles co\u00fbts op\u00e9rationnels.<\/p>","protected":false},"featured_media":925,"comment_status":"open","ping_status":"closed","template":"","meta":[],"product_brand":[],"product_cat":[22],"product_tag":[],"class_list":{"0":"post-923","1":"product","2":"type-product","3":"status-publish","4":"has-post-thumbnail","6":"product_cat-garbage-truck-series","8":"first","9":"instock","10":"shipping-taxable","11":"product-type-simple"},"_links":{"self":[{"href":"https:\/\/zcwtruck.com\/fr\/wp-json\/wp\/v2\/product\/923","targetHints":{"allow":["GET"]}}],"collection":[{"href":"https:\/\/zcwtruck.com\/fr\/wp-json\/wp\/v2\/product"}],"about":[{"href":"https:\/\/zcwtruck.com\/fr\/wp-json\/wp\/v2\/types\/product"}],"replies":[{"embeddable":true,"href":"https:\/\/zcwtruck.com\/fr\/wp-json\/wp\/v2\/comments?post=923"}],"wp:featuredmedia":[{"embeddable":true,"href":"https:\/\/zcwtruck.com\/fr\/wp-json\/wp\/v2\/media\/925"}],"wp:attachment":[{"href":"https:\/\/zcwtruck.com\/fr\/wp-json\/wp\/v2\/media?parent=923"}],"wp:term":[{"taxonomy":"product_brand","embeddable":true,"href":"https:\/\/zcwtruck.com\/fr\/wp-json\/wp\/v2\/product_brand?post=923"},{"taxonomy":"product_cat","embeddable":true,"href":"https:\/\/zcwtruck.com\/fr\/wp-json\/wp\/v2\/product_cat?post=923"},{"taxonomy":"product_tag","embeddable":true,"href":"https:\/\/zcwtruck.com\/fr\/wp-json\/wp\/v2\/product_tag?post=923"}],"curies":[{"name":"wp","href":"https:\/\/api.w.org\/{rel}","templated":true}]}}