{"id":911,"date":"2026-03-23T07:04:49","date_gmt":"2026-03-23T07:04:49","guid":{"rendered":"https:\/\/zcwtruck.com\/?post_type=product&#038;p=911"},"modified":"2026-03-23T07:08:46","modified_gmt":"2026-03-23T07:08:46","slug":"shacman-delong-f3000-6x4-18-30m%c2%b3-sewage-suction-truck","status":"publish","type":"product","link":"https:\/\/zcwtruck.com\/fr\/product\/shacman-delong-f3000-6x4-18-30m%c2%b3-sewage-suction-truck\/","title":{"rendered":"Shacman Delong F3000 \u00d74 18 Camion d'aspiration des eaux us\u00e9es 30m\u00b3"},"content":{"rendered":"<div style=\"overflow-x: auto; width: 100%;\">\n<table style=\"width: 100%; border-collapse: collapse;\">\n<tbody>\n<tr>\n<td width=\"217\">Param\u00e8tre<\/td>\n<td width=\"199\">Sp\u00e9cification<\/td>\n<td width=\"217\">\u00a0 Param\u00e8tre<\/td>\n<td width=\"424\">Sp\u00e9cification<\/td>\n<\/tr>\n<tr>\n<td width=\"217\">Type<\/td>\n<td width=\"199\">Camion d'aspiration des eaux us\u00e9es<\/td>\n<td width=\"217\">\u00a0 Type de camion<\/td>\n<td width=\"424\">Camion d'aspiration sous vide\/eaux us\u00e9es<\/td>\n<\/tr>\n<tr>\n<td width=\"217\">Norme d'\u00e9mission<\/td>\n<td width=\"199\">Euro 3\/Euro 5<\/td>\n<td width=\"217\">\u00a0 Carburant<\/td>\n<td width=\"424\">Diesel<\/td>\n<\/tr>\n<tr>\n<td width=\"217\">Formulaire Drive<\/td>\n<td width=\"199\">6\u00d74<\/td>\n<td width=\"217\">\u00a0 Transmission<\/td>\n<td width=\"424\">Manuel<\/td>\n<\/tr>\n<tr>\n<td width=\"217\">Garantie<\/td>\n<td width=\"199\">1 an<\/td>\n<td width=\"217\">\u00a0 Rapport d'essai m\u00e9canique<\/td>\n<td width=\"424\">Fourni<\/td>\n<\/tr>\n<tr>\n<td width=\"217\">Inspection d'usine vid\u00e9o<\/td>\n<td width=\"199\">Fourni<\/td>\n<td width=\"217\">\u00a0 Composants de base<\/td>\n<td width=\"424\">Moteur\/Pompe \u00e0 vide\/Citerne<\/td>\n<\/tr>\n<tr>\n<td width=\"217\">Marque<\/td>\n<td width=\"199\">Shacman<\/td>\n<td width=\"217\">\u00a0 Mod\u00e8le Chassis<\/td>\n<td width=\"424\">D\u00e9lier F3000<\/td>\n<\/tr>\n<tr>\n<td width=\"217\">Volume du r\u00e9servoir<\/td>\n<td width=\"199\">18-30m\u00b3<\/td>\n<td width=\"217\">\u00a0 D\u00e9bit de la pompe d'aspiration<\/td>\n<td width=\"424\">80-120m\u00b3\/h<\/td>\n<\/tr>\n<tr>\n<td width=\"217\">Puissance Moteur<\/td>\n<td width=\"199\">336-400 CV<\/td>\n<td width=\"217\">\u00a0 Marque Moteur<\/td>\n<td width=\"424\">Moteur Shacman<\/td>\n<\/tr>\n<tr>\n<td width=\"217\">Empattement<\/td>\n<td width=\"199\">1800+4600+1350 mm<\/td>\n<td width=\"217\">\u00a0 Direction<\/td>\n<td width=\"424\">Power Steerng<\/td>\n<\/tr>\n<tr>\n<td width=\"217\">Pompe \u00e0 vide<\/td>\n<td width=\"199\">Entra\u00eenement hydraulique\/PTO<\/td>\n<td width=\"217\">\u00a0 Syst\u00e8me d'op\u00e9ration<\/td>\n<td width=\"424\">Commande manuelle+\u00e9lectrique<\/td>\n<\/tr>\n<tr>\n<td width=\"217\">Diam\u00e8tre du tuyau<\/td>\n<td width=\"199\">200-250 mm<\/td>\n<td width=\"217\">\u00a0 Mat\u00e9riel de r\u00e9servoir<\/td>\n<td width=\"424\">Acier au carbone\/Acier inoxydable en option<\/td>\n<\/tr>\n<tr>\n<td width=\"217\">Sp\u00e9cification des pneus<\/td>\n<td width=\"199\">12h00R20<\/td>\n<td width=\"217\">\u00a0 Cabine<\/td>\n<td width=\"424\">Cabine HW76, A\/C en option<\/td>\n<\/tr>\n<tr>\n<td width=\"217\">Couleur<\/td>\n<td width=\"199\">Facultatif<\/td>\n<td width=\"217\">\u00a0 Application<\/td>\n<td width=\"424\">Collecte municipale des eaux us\u00e9es, industrielle<br \/>\nEaux us\u00e9es<\/td>\n<\/tr>\n<\/tbody>\n<\/table>\n<\/div>","protected":false},"excerpt":{"rendered":"<p>Ce camion d'aspiration des eaux us\u00e9es robuste adopte le ch\u00e2ssis Shacman Delong F3000, avec une forte puissance et une grande capacit\u00e9 Il est largement utilis\u00e9 pour l'aspiration des eaux us\u00e9es \u00e0 grande \u00e9chelle, le transport des boues, le nettoyage des fosses septiques et les op\u00e9rations municipales d'assainissement de l'environnement.Tous les v\u00e9hicules peuvent \u00eatre personnalis\u00e9s en marque, couleur, ch\u00e2ssis et \u00e9quipement sup\u00e9rieur.<\/p>","protected":false},"featured_media":912,"comment_status":"open","ping_status":"closed","template":"","meta":[],"product_brand":[],"product_cat":[24],"product_tag":[],"class_list":{"0":"post-911","1":"product","2":"type-product","3":"status-publish","4":"has-post-thumbnail","6":"product_cat-sewage-suction-truck-series","8":"first","9":"instock","10":"shipping-taxable","11":"product-type-simple"},"_links":{"self":[{"href":"https:\/\/zcwtruck.com\/fr\/wp-json\/wp\/v2\/product\/911","targetHints":{"allow":["GET"]}}],"collection":[{"href":"https:\/\/zcwtruck.com\/fr\/wp-json\/wp\/v2\/product"}],"about":[{"href":"https:\/\/zcwtruck.com\/fr\/wp-json\/wp\/v2\/types\/product"}],"replies":[{"embeddable":true,"href":"https:\/\/zcwtruck.com\/fr\/wp-json\/wp\/v2\/comments?post=911"}],"wp:featuredmedia":[{"embeddable":true,"href":"https:\/\/zcwtruck.com\/fr\/wp-json\/wp\/v2\/media\/912"}],"wp:attachment":[{"href":"https:\/\/zcwtruck.com\/fr\/wp-json\/wp\/v2\/media?parent=911"}],"wp:term":[{"taxonomy":"product_brand","embeddable":true,"href":"https:\/\/zcwtruck.com\/fr\/wp-json\/wp\/v2\/product_brand?post=911"},{"taxonomy":"product_cat","embeddable":true,"href":"https:\/\/zcwtruck.com\/fr\/wp-json\/wp\/v2\/product_cat?post=911"},{"taxonomy":"product_tag","embeddable":true,"href":"https:\/\/zcwtruck.com\/fr\/wp-json\/wp\/v2\/product_tag?post=911"}],"curies":[{"name":"wp","href":"https:\/\/api.w.org\/{rel}","templated":true}]}}