{"id":895,"date":"2026-03-23T06:24:18","date_gmt":"2026-03-23T06:24:18","guid":{"rendered":"https:\/\/zcwtruck.com\/?post_type=product&#038;p=895"},"modified":"2026-03-23T10:37:42","modified_gmt":"2026-03-23T10:37:42","slug":"sinotruk-howo-10m%c2%b3-15m%c2%b3-compression-garbage-truck","status":"publish","type":"product","link":"https:\/\/zcwtruck.com\/fr\/product\/sinotruk-howo-10m%c2%b3-15m%c2%b3-compression-garbage-truck\/","title":{"rendered":"Camion poubelle \u00e0 compression Sinotruk Howo 10 m\u00b3-15 m\u00b3"},"content":{"rendered":"<div style=\"overflow-x: auto; width: 100%;\">\n<table style=\"width: 100%; border-collapse: collapse;\">\n<tbody>\n<tr>\n<td width=\"217\">Param\u00e8tre<\/td>\n<td width=\"205\">\u00a0\u00a0 Sp\u00e9cification<\/td>\n<td width=\"224\">\u00a0 Param\u00e8tre<\/td>\n<td width=\"263\">\u00a0 Sp\u00e9cification<\/td>\n<\/tr>\n<tr>\n<td width=\"217\">Type<\/td>\n<td width=\"205\">\u00a0\u00a0 Compacteur<\/td>\n<td width=\"224\">\u00a0 Type de camion<\/td>\n<td width=\"263\">\u00a0 Compression de chargeur arri\u00e8re<\/td>\n<\/tr>\n<tr>\n<td width=\"217\">Norme d'\u00e9mission<\/td>\n<td width=\"205\">\u00a0\u00a0 Euro 3\/Euro 5<\/td>\n<td width=\"224\">\u00a0 Carburant<\/td>\n<td width=\"263\">\u00a0 Diesel<\/td>\n<\/tr>\n<tr>\n<td width=\"217\">Formulaire Drive<\/td>\n<td width=\"205\">\u00a0\u00a0 4\u00d72\/6\u00d74<\/td>\n<td width=\"224\">\u00a0 Transmission<\/td>\n<td width=\"263\">\u00a0 Manuel<\/td>\n<\/tr>\n<tr>\n<td width=\"217\">Garantie<\/td>\n<td width=\"205\">\u00a0\u00a0 1 an<\/td>\n<td width=\"224\">\u00a0 Rapport d'essai m\u00e9canique<\/td>\n<td width=\"263\">\u00a0 Fourni<\/td>\n<\/tr>\n<tr>\n<td width=\"217\">Inspection d'usine vid\u00e9o<\/td>\n<td width=\"205\">\u00a0\u00a0 Fourni<\/td>\n<td width=\"224\">\u00a0 Composants de base<\/td>\n<td width=\"263\">\u00a0 Moteur\/Syst\u00e8me hydraulique<\/td>\n<\/tr>\n<tr>\n<td width=\"217\">Marque<\/td>\n<td width=\"205\">\u00a0\u00a0 Sinotruk<\/td>\n<td width=\"224\">\u00a0 Mod\u00e8le Chassis<\/td>\n<td width=\"263\">\u00a0 COMMENT<\/td>\n<\/tr>\n<tr>\n<td width=\"217\">Volume de la bo\u00eete \u00e0 ordures<\/td>\n<td width=\"205\">\u00a0\u00a0 10-15m\u00b3<\/td>\n<td width=\"224\">\u00a0 Capacit\u00e9 de chargement<\/td>\n<td width=\"263\">\u00a0 8-12 tonnes<\/td>\n<\/tr>\n<tr>\n<td width=\"217\">Puissance Moteur<\/td>\n<td width=\"205\">\u00a0\u00a0 140-340 CV<\/td>\n<td width=\"224\">\u00a0 Marque Moteur<\/td>\n<td width=\"263\">\u00a0 Moteur Sinotruk<\/td>\n<\/tr>\n<tr>\n<td width=\"217\">Empattement<\/td>\n<td width=\"205\">\u00a0\u00a0 3800-4600 mm<\/td>\n<td width=\"224\">\u00a0 Direction<\/td>\n<td width=\"263\">\u00a0 Direction assist\u00e9e<\/td>\n<\/tr>\n<tr>\n<td width=\"217\">Rapport de compression<\/td>\n<td width=\"205\">\u00a0\u00a0 \u22652,5:1<\/td>\n<td width=\"224\">\u00a0 Syst\u00e8me hydraulique<\/td>\n<td width=\"263\">\u00a0 Contr\u00f4le Automatique<\/td>\n<\/tr>\n<tr>\n<td width=\"217\">D\u00e9charge D\u00e9charge<\/td>\n<td width=\"205\">\u00a0\u00a0 Dumping hydraulique<\/td>\n<td width=\"224\">\u00a0 Syst\u00e8me d'op\u00e9ration<\/td>\n<td width=\"263\">\u00a0 Commande manuelle+\u00e9lectrique<\/td>\n<\/tr>\n<tr>\n<td width=\"217\">Sp\u00e9cification des pneus<\/td>\n<td width=\"205\">\u00a0\u00a0 10h00R20\/11h00R20<\/td>\n<td width=\"224\">\u00a0 Cabine<\/td>\n<td width=\"263\">\u00a0 A\/C Facultatif<\/td>\n<\/tr>\n<tr>\n<td width=\"217\">Couleur<\/td>\n<td width=\"205\">\u00a0\u00a0 Facultatif<\/td>\n<td width=\"224\">\u00a0 Application<\/td>\n<td width=\"263\">\u00a0 Collecte des ordures urbaines<\/td>\n<\/tr>\n<\/tbody>\n<\/table>\n<\/div>","protected":false},"excerpt":{"rendered":"<p>Construit sur un ch\u00e2ssis HOWO 4\u00d72 fiable, ce camion est con\u00e7u pour une collecte, une compression et un transport efficaces des d\u00e9chets Avec une capacit\u00e9 de 10 m\u00e8tres cubes, un syst\u00e8me hydraulique solide et des performances stables, il est largement utilis\u00e9 pour l'assainissement urbain, les zones r\u00e9sidentielles et les petites villes.Tous les v\u00e9hicules peuvent \u00eatre personnalis\u00e9s en termes de marque, de couleur, de ch\u00e2ssis et d'\u00e9quipement sup\u00e9rieur.<\/p>","protected":false},"featured_media":899,"comment_status":"open","ping_status":"closed","template":"","meta":[],"product_brand":[],"product_cat":[22],"product_tag":[],"class_list":{"0":"post-895","1":"product","2":"type-product","3":"status-publish","4":"has-post-thumbnail","6":"product_cat-garbage-truck-series","8":"first","9":"instock","10":"shipping-taxable","11":"product-type-simple"},"_links":{"self":[{"href":"https:\/\/zcwtruck.com\/fr\/wp-json\/wp\/v2\/product\/895","targetHints":{"allow":["GET"]}}],"collection":[{"href":"https:\/\/zcwtruck.com\/fr\/wp-json\/wp\/v2\/product"}],"about":[{"href":"https:\/\/zcwtruck.com\/fr\/wp-json\/wp\/v2\/types\/product"}],"replies":[{"embeddable":true,"href":"https:\/\/zcwtruck.com\/fr\/wp-json\/wp\/v2\/comments?post=895"}],"wp:featuredmedia":[{"embeddable":true,"href":"https:\/\/zcwtruck.com\/fr\/wp-json\/wp\/v2\/media\/899"}],"wp:attachment":[{"href":"https:\/\/zcwtruck.com\/fr\/wp-json\/wp\/v2\/media?parent=895"}],"wp:term":[{"taxonomy":"product_brand","embeddable":true,"href":"https:\/\/zcwtruck.com\/fr\/wp-json\/wp\/v2\/product_brand?post=895"},{"taxonomy":"product_cat","embeddable":true,"href":"https:\/\/zcwtruck.com\/fr\/wp-json\/wp\/v2\/product_cat?post=895"},{"taxonomy":"product_tag","embeddable":true,"href":"https:\/\/zcwtruck.com\/fr\/wp-json\/wp\/v2\/product_tag?post=895"}],"curies":[{"name":"wp","href":"https:\/\/api.w.org\/{rel}","templated":true}]}}