{"id":748,"date":"2026-03-20T08:14:52","date_gmt":"2026-03-20T08:14:52","guid":{"rendered":"https:\/\/zcwtruck.com\/?post_type=product&#038;p=748"},"modified":"2026-03-23T03:54:04","modified_gmt":"2026-03-23T03:54:04","slug":"shacman-x3000-8x4","status":"publish","type":"product","link":"https:\/\/zcwtruck.com\/fr\/product\/shacman-x3000-8x4\/","title":{"rendered":"Shacman X3000 8\u00d74"},"content":{"rendered":"<div style=\"overflow-x: auto; width: 100%;\">\n<table style=\"width: 100%; border-collapse: collapse;\">\n<tbody>\n<tr>\n<td width=\"217\">Param\u00e8tre<\/td>\n<td width=\"298\">Sp\u00e9cification<\/td>\n<td width=\"205\">Param\u00e8tre<\/td>\n<td width=\"308\">Sp\u00e9cification<\/td>\n<\/tr>\n<tr>\n<td width=\"217\">Type<\/td>\n<td width=\"298\">Camion robuste<\/td>\n<td width=\"205\">Type de camion<\/td>\n<td width=\"308\">Cargaison\/Logistique\/Transport lourd\/<br \/>\nCamion long-courrier<\/td>\n<\/tr>\n<tr>\n<td width=\"217\">Norme d'\u00e9mission<\/td>\n<td width=\"298\">Euro 3\/Euro 5<\/td>\n<td width=\"205\">Carburant<\/td>\n<td width=\"308\">Diesel<\/td>\n<\/tr>\n<tr>\n<td width=\"217\">Formulaire Drive<\/td>\n<td width=\"298\">8\u00d74<\/td>\n<td width=\"205\">Transmission<\/td>\n<td width=\"308\">Manuel\/Automatique Facultatif<\/td>\n<\/tr>\n<tr>\n<td width=\"217\">Garantie<\/td>\n<td width=\"298\">1 an<\/td>\n<td width=\"205\">Rapport d'essai m\u00e9canique<\/td>\n<td width=\"308\">Fourni<\/td>\n<\/tr>\n<tr>\n<td width=\"217\">Inspection d'usine vid\u00e9o<\/td>\n<td width=\"298\">Fourni<\/td>\n<td width=\"205\">Composants de base<\/td>\n<td width=\"308\">Moteur\/Transmission\/Ch\u00e2ssis<\/td>\n<\/tr>\n<tr>\n<td width=\"217\">Marque<\/td>\n<td width=\"298\">Shacman<\/td>\n<td width=\"205\">Mod\u00e8le Chassis<\/td>\n<td width=\"308\">X3000<\/td>\n<\/tr>\n<tr>\n<td width=\"217\">Capacit\u00e9 de chargement<\/td>\n<td width=\"298\">20-35 tonnes<\/td>\n<td width=\"205\">Puissance Moteur<\/td>\n<td width=\"308\">336-420 CV<\/td>\n<\/tr>\n<tr>\n<td width=\"217\">Marque Moteur<\/td>\n<td width=\"298\">Moteur Shacman<\/td>\n<td width=\"205\">Empattement<\/td>\n<td width=\"308\">1800+4600+1350 mm\/Multi-essieux<\/td>\n<\/tr>\n<tr>\n<td width=\"217\">Direction<\/td>\n<td width=\"298\">Direction assist\u00e9e<\/td>\n<td width=\"205\">Sp\u00e9cification des pneus<\/td>\n<td width=\"308\">12h00R20\/12h00R22,5<\/td>\n<\/tr>\n<tr>\n<td width=\"217\">Cabine<\/td>\n<td width=\"298\">X3000\/HW76\/Cabine standard, A\/C en option<\/td>\n<td width=\"205\">Couleur<\/td>\n<td width=\"308\">Facultatif<\/td>\n<\/tr>\n<tr>\n<td width=\"217\">Application<\/td>\n<td width=\"298\">Transport de marchandises lourdes\/conteneur \/<br \/>\nMat\u00e9riau de construction<\/td>\n<td width=\"205\">Caract\u00e9ristiques sp\u00e9ciales<\/td>\n<td width=\"308\">Accouplement de remorque\/Long-Haul en option<br \/>\nCapable<\/td>\n<\/tr>\n<\/tbody>\n<\/table>\n<\/div>","protected":false},"excerpt":{"rendered":"<p>Ce camion robuste est dot\u00e9 d'un syst\u00e8me d'entra\u00eenement de 8.4, d'une forte capacit\u00e9 de charge et de performances stables Il est id\u00e9al pour le transport de marchandises lourdes, les chantiers de construction et les op\u00e9rations mini\u00e8res Avec une qualit\u00e9 fiable et un rendement \u00e9lev\u00e9, il assure un fonctionnement fluide m\u00eame dans des conditions de travail difficiles.<br \/>\nTous les v\u00e9hicules peuvent \u00eatre personnalis\u00e9s en termes de marque, de couleur, de ch\u00e2ssis et d'\u00e9quipement sup\u00e9rieur.<\/p>","protected":false},"featured_media":749,"comment_status":"open","ping_status":"closed","template":"","meta":[],"product_brand":[],"product_cat":[26],"product_tag":[],"class_list":{"0":"post-748","1":"product","2":"type-product","3":"status-publish","4":"has-post-thumbnail","6":"product_cat-dump-truck-series","8":"first","9":"instock","10":"shipping-taxable","11":"product-type-simple"},"_links":{"self":[{"href":"https:\/\/zcwtruck.com\/fr\/wp-json\/wp\/v2\/product\/748","targetHints":{"allow":["GET"]}}],"collection":[{"href":"https:\/\/zcwtruck.com\/fr\/wp-json\/wp\/v2\/product"}],"about":[{"href":"https:\/\/zcwtruck.com\/fr\/wp-json\/wp\/v2\/types\/product"}],"replies":[{"embeddable":true,"href":"https:\/\/zcwtruck.com\/fr\/wp-json\/wp\/v2\/comments?post=748"}],"wp:featuredmedia":[{"embeddable":true,"href":"https:\/\/zcwtruck.com\/fr\/wp-json\/wp\/v2\/media\/749"}],"wp:attachment":[{"href":"https:\/\/zcwtruck.com\/fr\/wp-json\/wp\/v2\/media?parent=748"}],"wp:term":[{"taxonomy":"product_brand","embeddable":true,"href":"https:\/\/zcwtruck.com\/fr\/wp-json\/wp\/v2\/product_brand?post=748"},{"taxonomy":"product_cat","embeddable":true,"href":"https:\/\/zcwtruck.com\/fr\/wp-json\/wp\/v2\/product_cat?post=748"},{"taxonomy":"product_tag","embeddable":true,"href":"https:\/\/zcwtruck.com\/fr\/wp-json\/wp\/v2\/product_tag?post=748"}],"curies":[{"name":"wp","href":"https:\/\/api.w.org\/{rel}","templated":true}]}}