{"id":743,"date":"2026-03-20T08:14:04","date_gmt":"2026-03-20T08:14:04","guid":{"rendered":"https:\/\/zcwtruck.com\/?post_type=product&#038;p=743"},"modified":"2026-03-23T06:04:51","modified_gmt":"2026-03-23T06:04:51","slug":"sinotruk-howo-6x4","status":"publish","type":"product","link":"https:\/\/zcwtruck.com\/fr\/product\/sinotruk-howo-6x4\/","title":{"rendered":"Sinotruk HOWO 6\u00d74"},"content":{"rendered":"<div style=\"overflow-x: auto; width: 100%;\">\n<table style=\"width: 100%; border-collapse: collapse;\">\n<tbody>\n<tr>\n<td width=\"217\">Param\u00e8tre<\/td>\n<td width=\"295\">Sp\u00e9cification<\/td>\n<td width=\"217\">\u00a0 Param\u00e8tre<\/td>\n<td width=\"204\">Sp\u00e9cification<\/td>\n<td width=\"110\"><\/td>\n<\/tr>\n<tr>\n<td width=\"217\">Type<\/td>\n<td width=\"295\">Camion robuste<\/td>\n<td width=\"217\">\u00a0 Type de camion<\/td>\n<td colspan=\"2\" width=\"314\">Cargo\/Logistique\/Camion Long-Chemin<\/td>\n<\/tr>\n<tr>\n<td width=\"217\">Norme d'\u00e9mission<\/td>\n<td width=\"295\">Euro 3\/Euro 5<\/td>\n<td width=\"217\">\u00a0 Carburant<\/td>\n<td colspan=\"2\" width=\"314\">Diesel<\/td>\n<\/tr>\n<tr>\n<td width=\"217\">Formulaire Drive<\/td>\n<td width=\"295\">6\u00d74<\/td>\n<td width=\"217\">\u00a0 Transmission<\/td>\n<td colspan=\"2\" width=\"314\">Manuel\/Automatique Facultatif<\/td>\n<\/tr>\n<tr>\n<td width=\"217\">Garantie<\/td>\n<td width=\"295\">1 an<\/td>\n<td width=\"217\">\u00a0 Rapport d'essai m\u00e9canique<\/td>\n<td colspan=\"2\" width=\"314\">Fourni<\/td>\n<\/tr>\n<tr>\n<td width=\"217\">Inspection d'usine vid\u00e9o<\/td>\n<td width=\"295\">Fourni<\/td>\n<td width=\"217\">\u00a0 Composants de base<\/td>\n<td colspan=\"2\" width=\"314\">Moteur\/Transmission\/Ch\u00e2ssis<\/td>\n<\/tr>\n<tr>\n<td width=\"217\">Marque<\/td>\n<td width=\"295\">Sinotruk<\/td>\n<td width=\"217\">\u00a0 Mod\u00e8le Chassis<\/td>\n<td colspan=\"2\" width=\"314\">HOWO6\u00d74<\/td>\n<\/tr>\n<tr>\n<td width=\"217\">Capacit\u00e9 de chargement<\/td>\n<td width=\"295\">12-25 tonnes<\/td>\n<td width=\"217\">\u00a0 Puissance Moteur<\/td>\n<td colspan=\"2\" width=\"314\">220-400 CV<\/td>\n<\/tr>\n<tr>\n<td width=\"217\">Marque Moteur<\/td>\n<td width=\"295\">Moteur Sinotruk<\/td>\n<td width=\"217\">\u00a0 Empattement<\/td>\n<td colspan=\"2\" width=\"314\">3800-4600 mm\/multi-essieux<\/td>\n<\/tr>\n<tr>\n<td width=\"217\">Direction<\/td>\n<td width=\"295\">Direction assist\u00e9e<\/td>\n<td width=\"217\">\u00a0 Sp\u00e9cification des pneus<\/td>\n<td colspan=\"2\" width=\"314\">10h00R20\/12h00R20<\/td>\n<\/tr>\n<tr>\n<td width=\"217\">Cabine<\/td>\n<td width=\"295\">HW76\/NX\/Cabine standard, A\/C en option<\/td>\n<td width=\"217\">\u00a0 Couleur<\/td>\n<td colspan=\"2\" width=\"314\">Facultatif<\/td>\n<\/tr>\n<tr>\n<td width=\"217\">Application<\/td>\n<td width=\"295\">Transport de marchandises\/Logistique\/Transport de poids lourds<\/td>\n<td width=\"217\">\u00a0 Caract\u00e9ristiques sp\u00e9ciales<\/td>\n<td colspan=\"2\" width=\"314\">Couplage de remorque en option\/capacit\u00e9 de long-courrier<\/td>\n<\/tr>\n<\/tbody>\n<\/table>\n<\/div>","protected":false},"excerpt":{"rendered":"<p>Ce camion robuste est dot\u00e9 d'un syst\u00e8me d'entra\u00eenement solide de 6.4, offrant une excellente traction et capacit\u00e9 de charge Il fonctionne de mani\u00e8re fiable dans des conditions de travail difficiles, id\u00e9al pour la construction, l'exploitation mini\u00e8re et le transport de marchandises lourdes. Tous les v\u00e9hicules peuvent \u00eatre personnalis\u00e9s en termes de marque, de couleur, de ch\u00e2ssis et d'\u00e9quipement sup\u00e9rieur.<\/p>","protected":false},"featured_media":744,"comment_status":"open","ping_status":"closed","template":"","meta":[],"product_brand":[],"product_cat":[26],"product_tag":[],"class_list":{"0":"post-743","1":"product","2":"type-product","3":"status-publish","4":"has-post-thumbnail","6":"product_cat-dump-truck-series","8":"first","9":"instock","10":"shipping-taxable","11":"product-type-simple"},"_links":{"self":[{"href":"https:\/\/zcwtruck.com\/fr\/wp-json\/wp\/v2\/product\/743","targetHints":{"allow":["GET"]}}],"collection":[{"href":"https:\/\/zcwtruck.com\/fr\/wp-json\/wp\/v2\/product"}],"about":[{"href":"https:\/\/zcwtruck.com\/fr\/wp-json\/wp\/v2\/types\/product"}],"replies":[{"embeddable":true,"href":"https:\/\/zcwtruck.com\/fr\/wp-json\/wp\/v2\/comments?post=743"}],"wp:featuredmedia":[{"embeddable":true,"href":"https:\/\/zcwtruck.com\/fr\/wp-json\/wp\/v2\/media\/744"}],"wp:attachment":[{"href":"https:\/\/zcwtruck.com\/fr\/wp-json\/wp\/v2\/media?parent=743"}],"wp:term":[{"taxonomy":"product_brand","embeddable":true,"href":"https:\/\/zcwtruck.com\/fr\/wp-json\/wp\/v2\/product_brand?post=743"},{"taxonomy":"product_cat","embeddable":true,"href":"https:\/\/zcwtruck.com\/fr\/wp-json\/wp\/v2\/product_cat?post=743"},{"taxonomy":"product_tag","embeddable":true,"href":"https:\/\/zcwtruck.com\/fr\/wp-json\/wp\/v2\/product_tag?post=743"}],"curies":[{"name":"wp","href":"https:\/\/api.w.org\/{rel}","templated":true}]}}