{"id":738,"date":"2026-03-20T08:13:20","date_gmt":"2026-03-20T08:13:20","guid":{"rendered":"https:\/\/zcwtruck.com\/?post_type=product&#038;p=738"},"modified":"2026-03-23T05:55:27","modified_gmt":"2026-03-23T05:55:27","slug":"sinotruk-howo-nx","status":"publish","type":"product","link":"https:\/\/zcwtruck.com\/fr\/product\/sinotruk-howo-nx\/","title":{"rendered":"Sinotruk HOWO NX"},"content":{"rendered":"<div style=\"overflow-x: auto; width: 100%;\">\n<table style=\"width: 100%; border-collapse: collapse;\">\n<tbody>\n<tr>\n<td width=\"217\">Param\u00e8tre<\/td>\n<td colspan=\"2\" width=\"297\">Sp\u00e9cification<\/td>\n<td width=\"217\">\u00a0 Param\u00e8tre<\/td>\n<td width=\"451\">Sp\u00e9cification<\/td>\n<\/tr>\n<tr>\n<td width=\"217\">Type<\/td>\n<td colspan=\"2\" width=\"297\">Camion robuste<\/td>\n<td width=\"217\">\u00a0 Type de camion<\/td>\n<td width=\"451\">Cargo\/Logistique\/Camion Long-Chemin<\/td>\n<\/tr>\n<tr>\n<td width=\"217\">Norme d'\u00e9mission<\/td>\n<td colspan=\"2\" width=\"297\">Euro 3\/Euro 5<\/td>\n<td width=\"217\">\u00a0 Carburant<\/td>\n<td width=\"451\">Diesel<\/td>\n<\/tr>\n<tr>\n<td width=\"217\">Formulaire Drive<\/td>\n<td colspan=\"2\" width=\"297\">4\u00d72\/6\u00d74\/8\u00d74<\/td>\n<td width=\"217\">\u00a0 Transmission<\/td>\n<td width=\"451\">Manuel\/Automatique Facultatif<\/td>\n<\/tr>\n<tr>\n<td width=\"217\">Garantie<\/td>\n<td colspan=\"2\" width=\"297\">1 an<\/td>\n<td width=\"217\">\u00a0 Rapport d'essai m\u00e9canique<\/td>\n<td width=\"451\">Fourni<\/td>\n<\/tr>\n<tr>\n<td width=\"217\">Inspection d'usine vid\u00e9o<\/td>\n<td colspan=\"2\" width=\"297\">Fourni<\/td>\n<td width=\"217\">\u00a0 Composants de base<\/td>\n<td width=\"451\">Moteur\/Transmission\/Ch\u00e2ssis<\/td>\n<\/tr>\n<tr>\n<td width=\"217\">Marque<\/td>\n<td colspan=\"2\" width=\"297\">Sinotruk<\/td>\n<td width=\"217\">\u00a0 Mod\u00e8le Chassis<\/td>\n<td width=\"451\">HOWO NX<\/td>\n<\/tr>\n<tr>\n<td width=\"217\">Capacit\u00e9 de chargement<\/td>\n<td colspan=\"2\" width=\"297\">12-30 tonnes<\/td>\n<td width=\"217\">\u00a0 Puissance Moteur<\/td>\n<td width=\"451\">240-420 CV<\/td>\n<\/tr>\n<tr>\n<td width=\"217\">Marque Moteur<\/td>\n<td colspan=\"2\" width=\"297\">Moteur Sinotruk<\/td>\n<td width=\"217\">\u00a0 Empattement<\/td>\n<td width=\"451\">3800-4600 mm\/multi-essieux<\/td>\n<\/tr>\n<tr>\n<td width=\"217\">Direction<\/td>\n<td colspan=\"2\" width=\"297\">Power Steerng<\/td>\n<td width=\"217\">\u00a0 Sp\u00e9cification des pneus<\/td>\n<td width=\"451\">10h00R20\/12h00R20<\/td>\n<\/tr>\n<tr>\n<td width=\"217\">Cabine<\/td>\n<td colspan=\"2\" width=\"297\">cabine NX\/HW76\/Cabine standard,<br \/>\nA\/C Facultatif<\/td>\n<td width=\"217\">\u00a0 Couleur<\/td>\n<td width=\"451\">Facultatif<\/td>\n<\/tr>\n<tr>\n<td width=\"217\">Application<\/td>\n<td colspan=\"2\" width=\"297\">Transport de marchandises\/Logistique\/Transport de poids lourds<\/td>\n<td width=\"217\">\u00a0 Caract\u00e9ristiques des sp\u00e9cifications<\/td>\n<td width=\"451\">Accouplement de remorque\/Long-Haul en option<br \/>\nCapable<\/td>\n<\/tr>\n<\/tbody>\n<\/table>\n<\/div>","protected":false},"excerpt":{"rendered":"<p>En tant que v\u00e9hicule lourd haute performance, il adopte la technologie avanc\u00e9e et le ch\u00e2ssis fiable de Sinotruk, avec une puissance de sortie forte, une excellente \u00e9conomie de carburant et une durabilit\u00e9 exceptionnelle Il est flexible en fonctionnement, confortable en conduite, et peut s'adapter \u00e0 diverses conditions de travail difficiles telles que les chantiers de construction, les mines et la logistique longue distance Avec un design humanis\u00e9 et un entretien facile, il fournit des solutions de transport efficaces et stables pour diverses industries.Tous les v\u00e9hicules peuvent \u00eatre personnalis\u00e9s en termes de marque, de couleur, de ch\u00e2ssis et d'\u00e9quipement sup\u00e9rieur.<\/p>","protected":false},"featured_media":739,"comment_status":"open","ping_status":"closed","template":"","meta":[],"product_brand":[],"product_cat":[26],"product_tag":[],"class_list":{"0":"post-738","1":"product","2":"type-product","3":"status-publish","4":"has-post-thumbnail","6":"product_cat-dump-truck-series","8":"first","9":"instock","10":"shipping-taxable","11":"product-type-simple"},"_links":{"self":[{"href":"https:\/\/zcwtruck.com\/fr\/wp-json\/wp\/v2\/product\/738","targetHints":{"allow":["GET"]}}],"collection":[{"href":"https:\/\/zcwtruck.com\/fr\/wp-json\/wp\/v2\/product"}],"about":[{"href":"https:\/\/zcwtruck.com\/fr\/wp-json\/wp\/v2\/types\/product"}],"replies":[{"embeddable":true,"href":"https:\/\/zcwtruck.com\/fr\/wp-json\/wp\/v2\/comments?post=738"}],"wp:featuredmedia":[{"embeddable":true,"href":"https:\/\/zcwtruck.com\/fr\/wp-json\/wp\/v2\/media\/739"}],"wp:attachment":[{"href":"https:\/\/zcwtruck.com\/fr\/wp-json\/wp\/v2\/media?parent=738"}],"wp:term":[{"taxonomy":"product_brand","embeddable":true,"href":"https:\/\/zcwtruck.com\/fr\/wp-json\/wp\/v2\/product_brand?post=738"},{"taxonomy":"product_cat","embeddable":true,"href":"https:\/\/zcwtruck.com\/fr\/wp-json\/wp\/v2\/product_cat?post=738"},{"taxonomy":"product_tag","embeddable":true,"href":"https:\/\/zcwtruck.com\/fr\/wp-json\/wp\/v2\/product_tag?post=738"}],"curies":[{"name":"wp","href":"https:\/\/api.w.org\/{rel}","templated":true}]}}