{"id":691,"date":"2026-03-20T06:33:55","date_gmt":"2026-03-20T06:33:55","guid":{"rendered":"https:\/\/zcwtruck.com\/?post_type=product&#038;p=691"},"modified":"2026-03-20T06:33:55","modified_gmt":"2026-03-20T06:33:55","slug":"howo-tx-4x2-15-cubic-meter-water-sprinkler-truck","status":"publish","type":"product","link":"https:\/\/zcwtruck.com\/fr\/product\/howo-tx-4x2-15-cubic-meter-water-sprinkler-truck\/","title":{"rendered":"Camion asperseur d'eau Howo TX 4.2 15 m\u00e8tres cubes"},"content":{"rendered":"<div style=\"overflow-x: auto; width: 100%;\">\n<table style=\"width: 100%; border-collapse: collapse;\">\n<tbody>\n<tr style=\"height: 22.25pt;\">\n<td class=\"et2\" style=\"height: 22.25pt; width: 65.25pt;\" width=\"152\" height=\"51\"><span class=\"font3\">Article<\/span><\/td>\n<td class=\"et2\" style=\"width: 218.45pt;\" width=\"509\"><span class=\"font3\">Sp\u00e9cification<\/span><\/td>\n<\/tr>\n<tr style=\"height: 22.50pt;\">\n<td class=\"et3\" style=\"height: 22.50pt; width: 65.25pt;\" width=\"152\" height=\"52\"><span class=\"font4\">Mod\u00e8le<\/span><\/td>\n<td class=\"et3\" style=\"width: 218.45pt;\" width=\"509\"><span class=\"font4\">HOWO TX4\u00d72<\/span><\/td>\n<\/tr>\n<tr style=\"height: 22.00pt;\">\n<td class=\"et3\" style=\"height: 22.00pt; width: 65.25pt;\" width=\"152\" height=\"51\"><span class=\"font4\">Type d'entra\u00eenement<\/span><\/td>\n<td class=\"et3\" style=\"width: 218.45pt;\" width=\"509\"><span class=\"font4\">4\u00d72<\/span><\/td>\n<\/tr>\n<tr style=\"height: 22.50pt;\">\n<td class=\"et3\" style=\"height: 22.50pt; width: 65.25pt;\" width=\"152\" height=\"52\"><span class=\"font4\">Volume du r\u00e9servoir<\/span><\/td>\n<td class=\"et3\" style=\"width: 218.45pt;\" width=\"509\"><span class=\"font4\">15 m\u00b3(15 000 L)<\/span><\/td>\n<\/tr>\n<tr style=\"height: 21.50pt;\">\n<td class=\"et3\" style=\"height: 21.50pt; width: 65.25pt;\" width=\"152\" height=\"50\"><span class=\"font4\">\u00c9mission<\/span><\/td>\n<td class=\"et3\" style=\"width: 218.45pt;\" width=\"509\"><span class=\"font4\">Euro VI<\/span><\/td>\n<\/tr>\n<tr style=\"height: 22.00pt;\">\n<td class=\"et3\" style=\"height: 22.00pt; width: 65.25pt;\" width=\"152\" height=\"51\"><span class=\"font4\">Moteur<\/span><\/td>\n<td class=\"et3\" style=\"width: 218.45pt;\" width=\"509\"><span class=\"font4\">220 CV<\/span><\/td>\n<\/tr>\n<tr style=\"height: 22.50pt;\">\n<td class=\"et3\" style=\"height: 22.50pt; width: 65.25pt;\" width=\"152\" height=\"52\"><span class=\"font4\">Empattement<\/span><\/td>\n<td class=\"et3\" style=\"width: 218.45pt;\" width=\"509\"><span class=\"font4\">4700 mm<\/span><\/td>\n<\/tr>\n<tr style=\"height: 22.50pt;\">\n<td class=\"et3\" style=\"height: 22.50pt; width: 65.25pt;\" width=\"152\" height=\"52\"><span class=\"font4\">Dimenson<\/span><\/td>\n<td class=\"et3\" style=\"width: 218.45pt;\" width=\"509\"><span class=\"font4\">8530\u00d72500\u00d73200 mm<\/span><\/td>\n<\/tr>\n<tr style=\"height: 21.50pt;\">\n<td class=\"et3\" style=\"height: 21.50pt; width: 65.25pt;\" width=\"152\" height=\"50\"><span class=\"font4\">GVW<\/span><\/td>\n<td class=\"et3\" style=\"width: 218.45pt;\" width=\"509\"><span class=\"font4\">18 000 kg<\/span><\/td>\n<\/tr>\n<tr style=\"height: 22.00pt;\">\n<td class=\"et3\" style=\"height: 22.00pt; width: 65.25pt;\" width=\"152\" height=\"51\"><span class=\"font4\">Vitesse max<\/span><\/td>\n<td class=\"et3\" style=\"width: 218.45pt;\" width=\"509\"><span class=\"font4\">90 km\/h<\/span><\/td>\n<\/tr>\n<tr style=\"height: 22.50pt;\">\n<td class=\"et3\" style=\"height: 22.50pt; width: 65.25pt;\" width=\"152\" height=\"52\"><span class=\"font4\">Pompe \u00e0 eau<\/span><\/td>\n<td class=\"et3\" style=\"width: 218.45pt;\" width=\"509\"><span class=\"font4\">Auto-prming<\/span><\/td>\n<\/tr>\n<tr style=\"height: 22.50pt;\">\n<td class=\"et3\" style=\"height: 22.50pt; width: 65.25pt;\" width=\"152\" height=\"52\"><span class=\"font4\">Largeur de pulv\u00e9risation<\/span><\/td>\n<td class=\"et3\" style=\"width: 218.45pt;\" width=\"509\"><span class=\"font4\">\u226520m<\/span><\/td>\n<\/tr>\n<tr style=\"height: 21.50pt;\">\n<td class=\"et3\" style=\"height: 21.50pt; width: 65.25pt;\" width=\"152\" height=\"50\"><span class=\"font4\">Gamme Canon<\/span><\/td>\n<td class=\"et3\" style=\"width: 218.45pt;\" width=\"509\"><span class=\"font4\">\u226535m<\/span><\/td>\n<\/tr>\n<tr style=\"height: 21.75pt;\">\n<td class=\"et3\" style=\"height: 21.75pt; width: 65.25pt;\" width=\"152\" height=\"50\"><span class=\"font4\">Fonctions<\/span><\/td>\n<td class=\"et3\" style=\"width: 218.45pt;\" width=\"509\"><span class=\"font4\">Rin\u00e7age avant, arroseur arri\u00e8re, spray lat\u00e9ral, canon \u00e0 eau<\/span><\/td>\n<\/tr>\n<\/tbody>\n<\/table>\n<\/div>","protected":false},"excerpt":{"rendered":"<p>Ce camion est largement utilis\u00e9 pour le nettoyage des routes, la suppression de la poussi\u00e8re, l'irrigation d'am\u00e9nagement paysager et l'approvisionnement en eau d'urgence Il pr\u00e9sente des performances stables, une grande capacit\u00e9 et un rendement \u00e9lev\u00e9.<br \/>\nTous les v\u00e9hicules peuvent \u00eatre personnalis\u00e9s en termes de marque, de couleur, de ch\u00e2ssis et d'\u00e9quipement sup\u00e9rieur.<\/p>","protected":false},"featured_media":692,"comment_status":"open","ping_status":"closed","template":"","meta":[],"product_brand":[],"product_cat":[23],"product_tag":[],"class_list":{"0":"post-691","1":"product","2":"type-product","3":"status-publish","4":"has-post-thumbnail","6":"product_cat-sprinkler-truck-series","8":"first","9":"instock","10":"shipping-taxable","11":"product-type-simple"},"_links":{"self":[{"href":"https:\/\/zcwtruck.com\/fr\/wp-json\/wp\/v2\/product\/691","targetHints":{"allow":["GET"]}}],"collection":[{"href":"https:\/\/zcwtruck.com\/fr\/wp-json\/wp\/v2\/product"}],"about":[{"href":"https:\/\/zcwtruck.com\/fr\/wp-json\/wp\/v2\/types\/product"}],"replies":[{"embeddable":true,"href":"https:\/\/zcwtruck.com\/fr\/wp-json\/wp\/v2\/comments?post=691"}],"wp:featuredmedia":[{"embeddable":true,"href":"https:\/\/zcwtruck.com\/fr\/wp-json\/wp\/v2\/media\/692"}],"wp:attachment":[{"href":"https:\/\/zcwtruck.com\/fr\/wp-json\/wp\/v2\/media?parent=691"}],"wp:term":[{"taxonomy":"product_brand","embeddable":true,"href":"https:\/\/zcwtruck.com\/fr\/wp-json\/wp\/v2\/product_brand?post=691"},{"taxonomy":"product_cat","embeddable":true,"href":"https:\/\/zcwtruck.com\/fr\/wp-json\/wp\/v2\/product_cat?post=691"},{"taxonomy":"product_tag","embeddable":true,"href":"https:\/\/zcwtruck.com\/fr\/wp-json\/wp\/v2\/product_tag?post=691"}],"curies":[{"name":"wp","href":"https:\/\/api.w.org\/{rel}","templated":true}]}}