{"id":686,"date":"2026-03-20T06:31:00","date_gmt":"2026-03-20T06:31:00","guid":{"rendered":"https:\/\/zcwtruck.com\/?post_type=product&#038;p=686"},"modified":"2026-03-20T06:31:00","modified_gmt":"2026-03-20T06:31:00","slug":"dongfeng-huashen-f5-15m%c2%b3-greening-sprinkler-truck","status":"publish","type":"product","link":"https:\/\/zcwtruck.com\/fr\/product\/dongfeng-huashen-f5-15m%c2%b3-greening-sprinkler-truck\/","title":{"rendered":"Dongfeng Huashen F5 15 m\u00b3 Camion gicleur verdissant"},"content":{"rendered":"<div style=\"overflow-x: auto; width: 100%;\">\n<table style=\"width: 100%; border-collapse: collapse;\">\n<tbody>\n<tr>\n<td width=\"217\">Param\u00e8tre<\/td>\n<td width=\"210\">\u00a0 Sp\u00e9cification<\/td>\n<td width=\"231\">Param\u00e8tre<\/td>\n<td width=\"534\">Sp\u00e9cification<\/td>\n<\/tr>\n<tr>\n<td width=\"217\">Type<\/td>\n<td width=\"210\">\u00a0 Verdissement\/Camion Sprinkler<\/td>\n<td width=\"231\">Type de camion<\/td>\n<td width=\"534\">Arroseur de r\u00e9servoir d'eau\/camion d'irrigation paysag\u00e8re<\/td>\n<\/tr>\n<tr>\n<td width=\"217\">Norme d'\u00e9mission<\/td>\n<td width=\"210\">\u00a0 Euro 3\/Euro 5<\/td>\n<td width=\"231\">Carburant<\/td>\n<td width=\"534\">Diesel<\/td>\n<\/tr>\n<tr>\n<td width=\"217\">Formulaire Drive<\/td>\n<td width=\"210\">\u00a0 4\u00d72\/6\u00d74<\/td>\n<td width=\"231\">Transmission<\/td>\n<td width=\"534\">Manuel<\/td>\n<\/tr>\n<tr>\n<td width=\"217\">Garantie<\/td>\n<td width=\"210\">\u00a0 1 an<\/td>\n<td width=\"231\">Rapport d'essai m\u00e9canique<\/td>\n<td width=\"534\">Fourni<\/td>\n<\/tr>\n<tr>\n<td width=\"217\">Inspection d'usine vid\u00e9o<\/td>\n<td width=\"210\">\u00a0 Fourni<\/td>\n<td width=\"231\">Composants de base<\/td>\n<td width=\"534\">Moteur\/Pompe\/Syst\u00e8me de pulv\u00e9risation<\/td>\n<\/tr>\n<tr>\n<td width=\"217\">Marque<\/td>\n<td width=\"210\">\u00a0 Dongfeng<\/td>\n<td width=\"231\">Mod\u00e8le Chassis<\/td>\n<td width=\"534\">Huashen F5<\/td>\n<\/tr>\n<tr>\n<td width=\"217\">Volume du r\u00e9servoir d'eau<\/td>\n<td width=\"210\">\u00a0 15m\u00b3<\/td>\n<td width=\"231\">Largeur de pulv\u00e9risation<\/td>\n<td width=\"534\">12-18m<\/td>\n<\/tr>\n<tr>\n<td width=\"217\">Puissance Moteur<\/td>\n<td width=\"210\">\u00a0 140-180 CV<\/td>\n<td width=\"231\">Marque Moteur<\/td>\n<td width=\"534\">Moteur Dongfeng<\/td>\n<\/tr>\n<tr>\n<td width=\"217\">Empattement<\/td>\n<td width=\"210\">\u00a0 3800-4500 mm<\/td>\n<td width=\"231\">Direction<\/td>\n<td width=\"534\">Direction assist\u00e9e<\/td>\n<\/tr>\n<tr>\n<td width=\"217\">D\u00e9bit de pompe<\/td>\n<td width=\"210\">\u00a0 30-50 m\u00b3\/h<\/td>\n<td width=\"231\">Syst\u00e8me hydraulique<\/td>\n<td width=\"534\">Pompe hydraulique entra\u00een\u00e9e<\/td>\n<\/tr>\n<tr>\n<td width=\"217\">Buses de pulv\u00e9risation<\/td>\n<td width=\"210\">\u00a0 R\u00e9glable, Rotable<\/td>\n<td width=\"231\">Syst\u00e8me d'op\u00e9ration<\/td>\n<td width=\"534\">Commande manuelle+\u00e9lectrique<\/td>\n<\/tr>\n<tr>\n<td width=\"217\">Sp\u00e9cification des pneus<\/td>\n<td width=\"210\">\u00a0 8.25R20\/9.00R20<\/td>\n<td width=\"231\">Cabine<\/td>\n<td width=\"534\">Standard CabinA\/C Facultatif<\/td>\n<\/tr>\n<tr>\n<td width=\"217\">Couleur<\/td>\n<td width=\"210\">\u00a0 Facultatif<\/td>\n<td width=\"231\">Application<\/td>\n<td width=\"534\">Rues urbaines, parcs, projets d'\u00e9cologisation<\/td>\n<\/tr>\n<\/tbody>\n<\/table>\n<\/div>","protected":false},"excerpt":{"rendered":"<p>Ce camion gicleur verdissant de 15 m\u00b3 est utilis\u00e9 pour le nettoyage des routes, la suppression de la poussi\u00e8re, l'irrigation du jardin et l'am\u00e9nagement paysager Il a des performances stables et une grande efficacit\u00e9, adapt\u00e9 \u00e0 l'entretien urbain municipal et du jardin.Tous les v\u00e9hicules peuvent \u00eatre personnalis\u00e9s en termes de marque, de couleur, de ch\u00e2ssis et d'\u00e9quipement sup\u00e9rieur.<\/p>","protected":false},"featured_media":687,"comment_status":"open","ping_status":"closed","template":"","meta":[],"product_brand":[],"product_cat":[23],"product_tag":[],"class_list":{"0":"post-686","1":"product","2":"type-product","3":"status-publish","4":"has-post-thumbnail","6":"product_cat-sprinkler-truck-series","8":"first","9":"instock","10":"shipping-taxable","11":"product-type-simple"},"_links":{"self":[{"href":"https:\/\/zcwtruck.com\/fr\/wp-json\/wp\/v2\/product\/686","targetHints":{"allow":["GET"]}}],"collection":[{"href":"https:\/\/zcwtruck.com\/fr\/wp-json\/wp\/v2\/product"}],"about":[{"href":"https:\/\/zcwtruck.com\/fr\/wp-json\/wp\/v2\/types\/product"}],"replies":[{"embeddable":true,"href":"https:\/\/zcwtruck.com\/fr\/wp-json\/wp\/v2\/comments?post=686"}],"wp:featuredmedia":[{"embeddable":true,"href":"https:\/\/zcwtruck.com\/fr\/wp-json\/wp\/v2\/media\/687"}],"wp:attachment":[{"href":"https:\/\/zcwtruck.com\/fr\/wp-json\/wp\/v2\/media?parent=686"}],"wp:term":[{"taxonomy":"product_brand","embeddable":true,"href":"https:\/\/zcwtruck.com\/fr\/wp-json\/wp\/v2\/product_brand?post=686"},{"taxonomy":"product_cat","embeddable":true,"href":"https:\/\/zcwtruck.com\/fr\/wp-json\/wp\/v2\/product_cat?post=686"},{"taxonomy":"product_tag","embeddable":true,"href":"https:\/\/zcwtruck.com\/fr\/wp-json\/wp\/v2\/product_tag?post=686"}],"curies":[{"name":"wp","href":"https:\/\/api.w.org\/{rel}","templated":true}]}}