{"id":676,"date":"2026-03-20T05:17:01","date_gmt":"2026-03-20T05:17:01","guid":{"rendered":"https:\/\/zcwtruck.com\/?post_type=product&#038;p=676"},"modified":"2026-03-20T06:11:58","modified_gmt":"2026-03-20T06:11:58","slug":"dongfeng-duolika-d6-green-sprinkler-truck","status":"publish","type":"product","link":"https:\/\/zcwtruck.com\/fr\/product\/dongfeng-duolika-d6-green-sprinkler-truck\/","title":{"rendered":"Camion gicleur vert Dongfeng Duolika D6"},"content":{"rendered":"<div style=\"overflow-x: auto; width: 100%;\">\n<table style=\"width: 100%; border-collapse: collapse;\">\n<tbody>\n<tr>\n<td width=\"217\">Param\u00e8tre<\/td>\n<td width=\"170\">\u00a0 Sp\u00e9cification<\/td>\n<td width=\"217\">\u00a0 Param\u00e8tre<\/td>\n<td width=\"323\">\u00a0Sp\u00e9cification<\/td>\n<\/tr>\n<tr>\n<td width=\"217\">Type<\/td>\n<td width=\"170\">\u00a0 Camion asperseur<\/td>\n<td width=\"217\">\u00a0 Type de camion<\/td>\n<td width=\"323\">\u00a0Arroseur de r\u00e9servoir d'eau\/Lavage de rue<br \/>\nCamion<\/td>\n<\/tr>\n<tr>\n<td width=\"217\">Norme d'\u00e9mission<\/td>\n<td width=\"170\">\u00a0 Euro 3\/Euro 5<\/td>\n<td width=\"217\">\u00a0 Carburant<\/td>\n<td width=\"323\">\u00a0Diesel<\/td>\n<\/tr>\n<tr>\n<td width=\"217\">Formulaire Drive<\/td>\n<td width=\"170\">\u00a0 4\u00d72\/6\u00d74<\/td>\n<td width=\"217\">\u00a0 Transmission<\/td>\n<td width=\"323\">\u00a0Manuel<\/td>\n<\/tr>\n<tr>\n<td width=\"217\">Garantie<\/td>\n<td width=\"170\">\u00a0 1 an<\/td>\n<td width=\"217\">\u00a0 Rapport d'essai m\u00e9canique<\/td>\n<td width=\"323\">\u00a0Fourni<\/td>\n<\/tr>\n<tr>\n<td width=\"217\">Inspection d'usine vid\u00e9o<\/td>\n<td width=\"170\">\u00a0 Fourni<\/td>\n<td width=\"217\">\u00a0 Composants de base<\/td>\n<td width=\"323\">\u00a0Syst\u00e8me moteur\/pompe<\/td>\n<\/tr>\n<tr>\n<td width=\"217\">Marque<\/td>\n<td width=\"170\">\u00a0 Dongfeng<\/td>\n<td width=\"217\">\u00a0 Mod\u00e8le Chassis<\/td>\n<td width=\"323\">\u00a0Duolika D6<\/td>\n<\/tr>\n<tr>\n<td width=\"217\">Volume du r\u00e9servoir d'eau<\/td>\n<td width=\"170\">\u00a0 6-12m\u00b3<\/td>\n<td width=\"217\">\u00a0 Largeur de pulv\u00e9risation<\/td>\n<td width=\"323\">\u00a010-18m<\/td>\n<\/tr>\n<tr>\n<td width=\"217\">Puissance Moteur<\/td>\n<td width=\"170\">\u00a0 120-180 CV<\/td>\n<td width=\"217\">\u00a0 Marque Moteur<\/td>\n<td width=\"323\">\u00a0Moteur Dongfeng<\/td>\n<\/tr>\n<tr>\n<td width=\"217\">Empattement<\/td>\n<td width=\"170\">\u00a0 3300-4500 mm<\/td>\n<td width=\"217\">\u00a0 Direction<\/td>\n<td width=\"323\">\u00a0Power Steerng<\/td>\n<\/tr>\n<tr>\n<td width=\"217\">D\u00e9bit de pompe<\/td>\n<td width=\"170\">\u00a0 20-60 m\u00b3\/h<\/td>\n<td width=\"217\">\u00a0 Syst\u00e8me hydraulique<\/td>\n<td width=\"323\">\u00a0Pompe hydraulique entra\u00een\u00e9e<\/td>\n<\/tr>\n<tr>\n<td width=\"217\">Buses de pulv\u00e9risation<\/td>\n<td width=\"170\">\u00a0 R\u00e9glable<\/td>\n<td width=\"217\">\u00a0 Syst\u00e8me d'op\u00e9ration<\/td>\n<td width=\"323\">\u00a0Commande manuelle+\u00e9lectrique<\/td>\n<\/tr>\n<tr>\n<td width=\"217\">Sp\u00e9cification des pneus<\/td>\n<td width=\"170\">\u00a0 8.25R20\/9.00R20<\/td>\n<td width=\"217\">\u00a0 Cabine<\/td>\n<td width=\"323\">\u00a0Cabine standard, A\/C en option<\/td>\n<\/tr>\n<tr>\n<td width=\"217\">Couleur<\/td>\n<td width=\"170\">\u00a0 Facultatif<\/td>\n<td width=\"217\">\u00a0 Application<\/td>\n<td width=\"323\">\u00a0Nettoyage des rues, suppression de la poussi\u00e8re, am\u00e9nagement paysager<\/td>\n<\/tr>\n<\/tbody>\n<\/table>\n<\/div>","protected":false},"excerpt":{"rendered":"<p>Ce camion de gicleurs d'eau est sp\u00e9cialement utilis\u00e9 pour le nettoyage des routes, le contr\u00f4le de la poussi\u00e8re, le verdissement du jardin et le transport de l'eau Il a un grand r\u00e9servoir d'eau, des performances stables et une utilisation facile, largement utilis\u00e9 dans l'entretien municipal urbain et de jardin. Tous les v\u00e9hicules peuvent \u00eatre personnalis\u00e9s en termes de marque, de couleur, de ch\u00e2ssis et d'\u00e9quipement sup\u00e9rieur.<\/p>","protected":false},"featured_media":682,"comment_status":"open","ping_status":"closed","template":"","meta":[],"product_brand":[],"product_cat":[23],"product_tag":[],"class_list":{"0":"post-676","1":"product","2":"type-product","3":"status-publish","4":"has-post-thumbnail","6":"product_cat-sprinkler-truck-series","8":"first","9":"instock","10":"shipping-taxable","11":"product-type-simple"},"_links":{"self":[{"href":"https:\/\/zcwtruck.com\/fr\/wp-json\/wp\/v2\/product\/676","targetHints":{"allow":["GET"]}}],"collection":[{"href":"https:\/\/zcwtruck.com\/fr\/wp-json\/wp\/v2\/product"}],"about":[{"href":"https:\/\/zcwtruck.com\/fr\/wp-json\/wp\/v2\/types\/product"}],"replies":[{"embeddable":true,"href":"https:\/\/zcwtruck.com\/fr\/wp-json\/wp\/v2\/comments?post=676"}],"wp:featuredmedia":[{"embeddable":true,"href":"https:\/\/zcwtruck.com\/fr\/wp-json\/wp\/v2\/media\/682"}],"wp:attachment":[{"href":"https:\/\/zcwtruck.com\/fr\/wp-json\/wp\/v2\/media?parent=676"}],"wp:term":[{"taxonomy":"product_brand","embeddable":true,"href":"https:\/\/zcwtruck.com\/fr\/wp-json\/wp\/v2\/product_brand?post=676"},{"taxonomy":"product_cat","embeddable":true,"href":"https:\/\/zcwtruck.com\/fr\/wp-json\/wp\/v2\/product_cat?post=676"},{"taxonomy":"product_tag","embeddable":true,"href":"https:\/\/zcwtruck.com\/fr\/wp-json\/wp\/v2\/product_tag?post=676"}],"curies":[{"name":"wp","href":"https:\/\/api.w.org\/{rel}","templated":true}]}}