{"id":646,"date":"2026-03-20T03:17:55","date_gmt":"2026-03-20T03:17:55","guid":{"rendered":"https:\/\/zcwtruck.com\/?post_type=product&#038;p=646"},"modified":"2026-03-20T03:26:25","modified_gmt":"2026-03-20T03:26:25","slug":"shacman-delong-h3000-4x2-compression-garbage-truck","status":"publish","type":"product","link":"https:\/\/zcwtruck.com\/fr\/product\/shacman-delong-h3000-4x2-compression-garbage-truck\/","title":{"rendered":"Shacman Delong H3000 Camion poubelle \u00e0 compression 4\u00d72"},"content":{"rendered":"<div style=\"overflow-x: auto; width: 100%;\">\n<table style=\"width: 100%; border-collapse: collapse;\">\n<tbody>\n<tr style=\"height: 15.25pt;\">\n<td class=\"et2\" style=\"height: 15.25pt; width: 93.15pt;\" width=\"217\" height=\"35\"><span class=\"font4\">Param\u00e8tre<\/span><\/td>\n<td class=\"et2\" style=\"width: 109.50pt;\" width=\"255\"><span class=\"font4\">Sp\u00e9cification<\/span><\/td>\n<td class=\"et3\" style=\"width: 106.00pt;\" width=\"247\"><span class=\"font4\">Param\u00e8tre<\/span><\/td>\n<td class=\"et2\" style=\"width: 214.75pt;\" width=\"501\"><span class=\"font4\">Sp\u00e9cification<\/span><\/td>\n<\/tr>\n<tr style=\"height: 16.00pt;\">\n<td class=\"et4\" style=\"height: 16.00pt; width: 93.15pt;\" width=\"217\" height=\"37\">Type<\/td>\n<td class=\"et5\" style=\"width: 109.50pt;\" width=\"255\"><span class=\"font2\">Compacteur<\/span><\/td>\n<td class=\"et6\" style=\"width: 106.00pt;\" width=\"247\"><span class=\"font2\">Type de camion<\/span><\/td>\n<td class=\"et7\" style=\"width: 214.75pt;\" width=\"501\">Compacteur d'ordures de chargeur arri\u00e8re<\/td>\n<\/tr>\n<tr style=\"height: 22.50pt;\">\n<td class=\"et5\" style=\"height: 22.50pt; width: 93.15pt;\" width=\"217\" height=\"52\"><span class=\"font2\">Norme d'\u00e9mission<\/span><\/td>\n<td class=\"et5\" style=\"width: 109.50pt;\" width=\"255\"><span class=\"font2\">Euro 3\/Euro 5<\/span><\/td>\n<td class=\"et6\" style=\"width: 106.00pt;\" width=\"247\"><span class=\"font2\">Carburant<\/span><\/td>\n<td class=\"et5\" style=\"width: 214.75pt;\" width=\"501\"><span class=\"font2\">Diesel<\/span><\/td>\n<\/tr>\n<tr style=\"height: 22.50pt;\">\n<td class=\"et5\" style=\"height: 22.50pt; width: 93.15pt;\" width=\"217\" height=\"52\"><span class=\"font2\">Formulaire Drive<\/span><\/td>\n<td class=\"et5\" style=\"width: 109.50pt;\" width=\"255\"><span class=\"font2\">4\u00d72<\/span><\/td>\n<td class=\"et6\" style=\"width: 106.00pt;\" width=\"247\"><span class=\"font2\">Transmission<\/span><\/td>\n<td class=\"et5\" style=\"width: 214.75pt;\" width=\"501\"><span class=\"font2\">Manuel<\/span><\/td>\n<\/tr>\n<tr style=\"height: 22.50pt;\">\n<td class=\"et5\" style=\"height: 22.50pt; width: 93.15pt;\" width=\"217\" height=\"52\"><span class=\"font2\">Garantie<\/span><\/td>\n<td class=\"et5\" style=\"width: 109.50pt;\" width=\"255\"><span class=\"font2\">1 an<\/span><\/td>\n<td class=\"et6\" style=\"width: 106.00pt;\" width=\"247\"><span class=\"font2\">Rapport d'essai m\u00e9canique<\/span><\/td>\n<td class=\"et5\" style=\"width: 214.75pt;\" width=\"501\"><span class=\"font2\">Fourni<\/span><\/td>\n<\/tr>\n<tr style=\"height: 22.50pt;\">\n<td class=\"et5\" style=\"height: 22.50pt; width: 93.15pt;\" width=\"217\" height=\"52\"><span class=\"font2\">Inspection d'usine vid\u00e9o<\/span><\/td>\n<td class=\"et5\" style=\"width: 109.50pt;\" width=\"255\"><span class=\"font2\">Fourni<\/span><\/td>\n<td class=\"et6\" style=\"width: 106.00pt;\" width=\"247\"><span class=\"font2\">Composants de base<\/span><\/td>\n<td class=\"et5\" style=\"width: 214.75pt;\" width=\"501\"><span class=\"font2\">Moteur\/Syst\u00e8me hydraulique<\/span><\/td>\n<\/tr>\n<tr style=\"height: 23.00pt;\">\n<td class=\"et5\" style=\"height: 23.00pt; width: 93.15pt;\" width=\"217\" height=\"53\"><span class=\"font2\">Marque<\/span><\/td>\n<td class=\"et5\" style=\"width: 109.50pt;\" width=\"255\"><span class=\"font2\">Shacman<\/span><\/td>\n<td class=\"et6\" style=\"width: 106.00pt;\" width=\"247\"><span class=\"font2\">Mod\u00e8le Chassis<\/span><\/td>\n<td class=\"et5\" style=\"width: 214.75pt;\" width=\"501\"><span class=\"font2\">Shacman Delong H3000<\/span><\/td>\n<\/tr>\n<tr style=\"height: 22.00pt;\">\n<td class=\"et5\" style=\"height: 22.00pt; width: 93.15pt;\" width=\"217\" height=\"51\"><span class=\"font2\">Volume de la bo\u00eete \u00e0 ordures<\/span><\/td>\n<td class=\"et5\" style=\"width: 109.50pt;\" width=\"255\"><span class=\"font2\">8-10m\u00b3<\/span><\/td>\n<td class=\"et6\" style=\"width: 106.00pt;\" width=\"247\"><span class=\"font2\">Poids du v\u00e9hicule<\/span><\/td>\n<td class=\"et5\" style=\"width: 214.75pt;\" width=\"501\"><span class=\"font2\">7800kg<\/span><\/td>\n<\/tr>\n<tr style=\"height: 23.00pt;\">\n<td class=\"et5\" style=\"height: 23.00pt; width: 93.15pt;\" width=\"217\" height=\"53\"><span class=\"font2\">Poids brut du v\u00e9hicule<\/span><\/td>\n<td class=\"et5\" style=\"width: 109.50pt;\" width=\"255\"><span class=\"font2\">16 000 kg<\/span><\/td>\n<td class=\"et6\" style=\"width: 106.00pt;\" width=\"247\"><span class=\"font2\">Capacit\u00e9 de chargement<\/span><\/td>\n<td class=\"et5\" style=\"width: 214.75pt;\" width=\"501\"><span class=\"font2\">6 \u00e0 8 tonnes<\/span><\/td>\n<\/tr>\n<tr style=\"height: 22.00pt;\">\n<td class=\"et5\" style=\"height: 22.00pt; width: 93.15pt;\" width=\"217\" height=\"51\"><span class=\"font2\">D\u00e9placement<\/span><\/td>\n<td class=\"et5\" style=\"width: 109.50pt;\" width=\"255\"><span class=\"font2\">6,7L<\/span><\/td>\n<td class=\"et6\" style=\"width: 106.00pt;\" width=\"247\"><span class=\"font2\">Dimensions<\/span><\/td>\n<td class=\"et5\" style=\"width: 214.75pt;\" width=\"501\"><span class=\"font2\">7600\u00d72500\u00d73200 mm<\/span><\/td>\n<\/tr>\n<tr style=\"height: 22.50pt;\">\n<td class=\"et5\" style=\"height: 22.50pt; width: 93.15pt;\" width=\"217\" height=\"52\"><span class=\"font2\">M\u00e9thode de d\u00e9chargement<\/span><\/td>\n<td class=\"et5\" style=\"width: 109.50pt;\" width=\"255\"><span class=\"font2\">Basculement arri\u00e8re<\/span><\/td>\n<td class=\"et6\" style=\"width: 106.00pt;\" width=\"247\"><span class=\"font2\">Syst\u00e8me de contr\u00f4le<\/span><\/td>\n<td class=\"et5\" style=\"width: 214.75pt;\" width=\"501\"><span class=\"font2\">Commande manuelle + \u00e9lectrique<\/span><\/td>\n<\/tr>\n<tr style=\"height: 23.00pt;\">\n<td class=\"et5\" style=\"height: 23.00pt; width: 93.15pt;\" width=\"217\" height=\"53\"><span class=\"font2\">Syst\u00e8me hydraulique<\/span><\/td>\n<td class=\"et5\" style=\"width: 109.50pt;\" width=\"255\"><span class=\"font2\">Automatique Hydraulique<\/span><\/td>\n<td class=\"et6\" style=\"width: 106.00pt;\" width=\"247\"><span class=\"font2\">Coor<\/span><\/td>\n<td class=\"et8\" style=\"width: 214.75pt;\" width=\"501\">Blanc\/Vert\/Jaune\/Custom<\/td>\n<\/tr>\n<tr style=\"height: 21.00pt;\">\n<td class=\"et5\" style=\"height: 21.00pt; width: 93.15pt;\" width=\"217\" height=\"49\"><span class=\"font2\">Nom du produit<\/span><\/td>\n<td class=\"et7\" style=\"width: 109.50pt;\" width=\"255\">Camion poubelle \u00e0 compression Shacman Delong H3000<\/td>\n<td class=\"et9\" style=\"width: 106.00pt;\" width=\"247\"><\/td>\n<td class=\"et9\" style=\"width: 214.75pt;\" width=\"501\"><\/td>\n<\/tr>\n<\/tbody>\n<\/table>\n<\/div>","protected":false},"excerpt":{"rendered":"<p>Il s'agit d'un v\u00e9hicule d'assainissement \u00e0 haut rendement pour la collecte, la compression et le transport des d\u00e9chets Avec des performances stables, une forte puissance et une qualit\u00e9 fiable, il est largement utilis\u00e9 dans l'assainissement urbain, les zones r\u00e9sidentielles et les zones industrielles.Tous les v\u00e9hicules peuvent \u00eatre personnalis\u00e9s en termes de marque, de couleur, de ch\u00e2ssis et d'\u00e9quipement sup\u00e9rieur.<\/p>","protected":false},"featured_media":651,"comment_status":"open","ping_status":"closed","template":"","meta":[],"product_brand":[],"product_cat":[22],"product_tag":[],"class_list":{"0":"post-646","1":"product","2":"type-product","3":"status-publish","4":"has-post-thumbnail","6":"product_cat-garbage-truck-series","8":"first","9":"instock","10":"shipping-taxable","11":"product-type-simple"},"_links":{"self":[{"href":"https:\/\/zcwtruck.com\/fr\/wp-json\/wp\/v2\/product\/646","targetHints":{"allow":["GET"]}}],"collection":[{"href":"https:\/\/zcwtruck.com\/fr\/wp-json\/wp\/v2\/product"}],"about":[{"href":"https:\/\/zcwtruck.com\/fr\/wp-json\/wp\/v2\/types\/product"}],"replies":[{"embeddable":true,"href":"https:\/\/zcwtruck.com\/fr\/wp-json\/wp\/v2\/comments?post=646"}],"wp:featuredmedia":[{"embeddable":true,"href":"https:\/\/zcwtruck.com\/fr\/wp-json\/wp\/v2\/media\/651"}],"wp:attachment":[{"href":"https:\/\/zcwtruck.com\/fr\/wp-json\/wp\/v2\/media?parent=646"}],"wp:term":[{"taxonomy":"product_brand","embeddable":true,"href":"https:\/\/zcwtruck.com\/fr\/wp-json\/wp\/v2\/product_brand?post=646"},{"taxonomy":"product_cat","embeddable":true,"href":"https:\/\/zcwtruck.com\/fr\/wp-json\/wp\/v2\/product_cat?post=646"},{"taxonomy":"product_tag","embeddable":true,"href":"https:\/\/zcwtruck.com\/fr\/wp-json\/wp\/v2\/product_tag?post=646"}],"curies":[{"name":"wp","href":"https:\/\/api.w.org\/{rel}","templated":true}]}}