{"id":641,"date":"2026-03-20T03:12:18","date_gmt":"2026-03-20T03:12:18","guid":{"rendered":"https:\/\/zcwtruck.com\/?post_type=product&#038;p=641"},"modified":"2026-03-20T03:12:18","modified_gmt":"2026-03-20T03:12:18","slug":"shacman-f3000-compression-garbage-truck","status":"publish","type":"product","link":"https:\/\/zcwtruck.com\/fr\/product\/shacman-f3000-compression-garbage-truck\/","title":{"rendered":"Camion poubelle \u00e0 compression Shacman F3000"},"content":{"rendered":"<div style=\"overflow-x: auto; width: 100%;\">\n<table style=\"width: 100%; border-collapse: collapse;\">\n<tbody>\n<tr>\n<td width=\"217\">Param\u00e8tre<\/td>\n<td width=\"215\">\u00a0 Sp\u00e9cification<\/td>\n<td width=\"233\">Param\u00e8tre<\/td>\n<td width=\"247\">\u00a0 Sp\u00e9cification<\/td>\n<\/tr>\n<tr>\n<td width=\"217\">Type<\/td>\n<td width=\"215\">\u00a0 Compacteur<\/td>\n<td width=\"233\">Type de camion<\/td>\n<td width=\"247\">\u00a0 Compacteur d'ordures de chargeur arri\u00e8re<\/td>\n<\/tr>\n<tr>\n<td width=\"217\">Norme d'\u00e9mission<\/td>\n<td width=\"215\">\u00a0 Euro 3\/Euro 5<\/td>\n<td width=\"233\">Carburant<\/td>\n<td width=\"247\">\u00a0 Diesel<\/td>\n<\/tr>\n<tr>\n<td width=\"217\">Formulaire Drive<\/td>\n<td width=\"215\">\u00a0 6\u00d74<\/td>\n<td width=\"233\">Transmission<\/td>\n<td width=\"247\">\u00a0 Manuel<\/td>\n<\/tr>\n<tr>\n<td width=\"217\">Garantie<\/td>\n<td width=\"215\">\u00a0 1 an<\/td>\n<td width=\"233\">Rapport d'essai m\u00e9canique<\/td>\n<td width=\"247\">\u00a0 Fourni<\/td>\n<\/tr>\n<tr>\n<td width=\"217\">Inspection d'usine vid\u00e9o<\/td>\n<td width=\"215\">\u00a0 Fourni<\/td>\n<td width=\"233\">Composants de base<\/td>\n<td width=\"247\">\u00a0 Moteur\/Syst\u00e8me hydraulique<\/td>\n<\/tr>\n<tr>\n<td width=\"217\">Marque<\/td>\n<td width=\"215\">\u00a0 Shacman<\/td>\n<td width=\"233\">Mod\u00e8le Chassis<\/td>\n<td width=\"247\">\u00a0 Shacman F3000<\/td>\n<\/tr>\n<tr>\n<td width=\"217\">Volume de la bo\u00eete \u00e0 ordures<\/td>\n<td width=\"215\">\u00a0 16-20m\u00b3<\/td>\n<td width=\"233\">Poids du v\u00e9hicule<\/td>\n<td width=\"247\">\u00a0 14 500 kg<\/td>\n<\/tr>\n<tr>\n<td width=\"217\">Poids brut du v\u00e9hicule<\/td>\n<td width=\"215\">\u00a0 25 000 kg<\/td>\n<td width=\"233\">Capacit\u00e9 de chargement<\/td>\n<td width=\"247\">\u00a0 12-15 tonnes<\/td>\n<\/tr>\n<tr>\n<td width=\"217\">D\u00e9placement<\/td>\n<td width=\"215\">\u00a0 9,7L<\/td>\n<td width=\"233\">Dimensions<\/td>\n<td width=\"247\">\u00a0 9800\u00d72550\u00d73500mm<\/td>\n<\/tr>\n<tr>\n<td width=\"217\">M\u00e9thode de d\u00e9chargement<\/td>\n<td width=\"215\">\u00a0 Basculement arri\u00e8re<\/td>\n<td width=\"233\">Syst\u00e8me de contr\u00f4le<\/td>\n<td width=\"247\">\u00a0 Commande manuelle+\u00e9lectrique<\/td>\n<\/tr>\n<tr>\n<td width=\"217\">Syst\u00e8me hydraulique<\/td>\n<td width=\"215\">\u00a0 Automatique Hydraulique<\/td>\n<td width=\"233\">Couleur<\/td>\n<td width=\"247\">\u00a0 Blanc\/Vert\/Jaune\/Custom<\/td>\n<\/tr>\n<tr>\n<td width=\"217\">Nom du produit<\/td>\n<td width=\"215\">Camion poubelle \u00e0 compression Shacman F3000<\/td>\n<td width=\"233\"><\/td>\n<td width=\"247\"><\/td>\n<\/tr>\n<\/tbody>\n<\/table>\n<p>&nbsp;<\/p>\n<\/div>","protected":false},"excerpt":{"rendered":"<p>Il s'agit d'un v\u00e9hicule d'assainissement professionnel pour la collecte, la compression et le transport des d\u00e9chets Il pr\u00e9sente une forte puissance, des performances stables et une grande capacit\u00e9, largement utilis\u00e9 dans l'assainissement urbain, les zones r\u00e9sidentielles et industrielles. Tous les v\u00e9hicules peuvent \u00eatre personnalis\u00e9s en termes de marque, de couleur, de ch\u00e2ssis et d'\u00e9quipement sup\u00e9rieur.<\/p>","protected":false},"featured_media":642,"comment_status":"open","ping_status":"closed","template":"","meta":[],"product_brand":[],"product_cat":[22],"product_tag":[],"class_list":{"0":"post-641","1":"product","2":"type-product","3":"status-publish","4":"has-post-thumbnail","6":"product_cat-garbage-truck-series","8":"first","9":"instock","10":"shipping-taxable","11":"product-type-simple"},"_links":{"self":[{"href":"https:\/\/zcwtruck.com\/fr\/wp-json\/wp\/v2\/product\/641","targetHints":{"allow":["GET"]}}],"collection":[{"href":"https:\/\/zcwtruck.com\/fr\/wp-json\/wp\/v2\/product"}],"about":[{"href":"https:\/\/zcwtruck.com\/fr\/wp-json\/wp\/v2\/types\/product"}],"replies":[{"embeddable":true,"href":"https:\/\/zcwtruck.com\/fr\/wp-json\/wp\/v2\/comments?post=641"}],"wp:featuredmedia":[{"embeddable":true,"href":"https:\/\/zcwtruck.com\/fr\/wp-json\/wp\/v2\/media\/642"}],"wp:attachment":[{"href":"https:\/\/zcwtruck.com\/fr\/wp-json\/wp\/v2\/media?parent=641"}],"wp:term":[{"taxonomy":"product_brand","embeddable":true,"href":"https:\/\/zcwtruck.com\/fr\/wp-json\/wp\/v2\/product_brand?post=641"},{"taxonomy":"product_cat","embeddable":true,"href":"https:\/\/zcwtruck.com\/fr\/wp-json\/wp\/v2\/product_cat?post=641"},{"taxonomy":"product_tag","embeddable":true,"href":"https:\/\/zcwtruck.com\/fr\/wp-json\/wp\/v2\/product_tag?post=641"}],"curies":[{"name":"wp","href":"https:\/\/api.w.org\/{rel}","templated":true}]}}