{"id":636,"date":"2026-03-20T03:01:13","date_gmt":"2026-03-20T03:01:13","guid":{"rendered":"https:\/\/zcwtruck.com\/?post_type=product&#038;p=636"},"modified":"2026-04-20T02:49:38","modified_gmt":"2026-04-20T02:49:38","slug":"dongfeng-tianjin-10m%c2%b3-compression-garbage-truck","status":"publish","type":"product","link":"https:\/\/zcwtruck.com\/fr\/product\/dongfeng-tianjin-10m%c2%b3-compression-garbage-truck\/","title":{"rendered":"Dongfeng Tianjin 15 m\u00b3 Camion \u00e0 ordures de compression"},"content":{"rendered":"<div style=\"width: 100%\">\n<table style=\"width: 100%;border-collapse: collapse\">\n<tbody>\n<tr>\n<td width=\"217\">Param\u00e8tre<\/td>\n<td width=\"242\">Sp\u00e9cification<\/td>\n<td width=\"261\">Param\u00e8tre<\/td>\n<td width=\"387\">Sp\u00e9cification<\/td>\n<\/tr>\n<tr>\n<td width=\"217\">Type<\/td>\n<td width=\"242\">Compacteur<\/td>\n<td width=\"261\">Type de camion<\/td>\n<td width=\"387\">D\u00e9chets de chargeur arri\u00e8re<br \/>\nCompacteur<\/td>\n<\/tr>\n<tr>\n<td width=\"217\">Norme d'\u00e9mission<\/td>\n<td width=\"242\">Euro 3\/Euro 5<\/td>\n<td width=\"261\">Carburant<\/td>\n<td width=\"387\">Diesel<\/td>\n<\/tr>\n<tr>\n<td width=\"217\">Formulaire Drive<\/td>\n<td width=\"242\">4\u00d72<\/td>\n<td width=\"261\">Transmission<\/td>\n<td width=\"387\">Manuel<\/td>\n<\/tr>\n<tr>\n<td width=\"217\">Garantie<\/td>\n<td width=\"242\">1 an<\/td>\n<td width=\"261\">Rapport d'essai m\u00e9canique<\/td>\n<td width=\"387\">Fourni<\/td>\n<\/tr>\n<tr>\n<td width=\"217\">Inspection d'usine vid\u00e9o<\/td>\n<td width=\"242\">Fourni<\/td>\n<td width=\"261\">Composants de base<\/td>\n<td width=\"387\">Moteur\/Syst\u00e8me hydraulique<\/td>\n<\/tr>\n<tr>\n<td width=\"217\">Marque<\/td>\n<td width=\"242\">Dongfeng<\/td>\n<td width=\"261\">Mod\u00e8le Chassis<\/td>\n<td width=\"387\">Dongfeng Tianjin<\/td>\n<\/tr>\n<tr>\n<td width=\"217\">Volume de la bo\u00eete \u00e0 ordures<\/td>\n<td width=\"242\">15m\u00b3<\/td>\n<td width=\"261\">Poids du v\u00e9hicule<\/td>\n<td width=\"387\">9200kg<\/td>\n<\/tr>\n<tr>\n<td width=\"217\">Poids brut du v\u00e9hicule<\/td>\n<td width=\"242\">16 000 kg<\/td>\n<td width=\"261\">Capacit\u00e9 de chargement<\/td>\n<td width=\"387\">7 \u00e0 9 tonnes<\/td>\n<\/tr>\n<tr>\n<td width=\"217\">D\u00e9placement<\/td>\n<td width=\"242\">5,9 L<\/td>\n<td width=\"261\">Dimensions<\/td>\n<td width=\"387\">7800\u00d72450\u00d73100 mm<\/td>\n<\/tr>\n<tr>\n<td width=\"217\">M\u00e9thode de d\u00e9chargement<\/td>\n<td width=\"242\">Basculement arri\u00e8re<\/td>\n<td width=\"261\">Syst\u00e8me de contr\u00f4le<\/td>\n<td width=\"387\">Commande manuelle+\u00e9lectrique<\/td>\n<\/tr>\n<tr>\n<td width=\"217\">Syst\u00e8me hydraulique<\/td>\n<td width=\"242\">Automatique Hydraulique<\/td>\n<td width=\"261\">Couleur<\/td>\n<td width=\"387\">Bleu\/Blanc\/Vert\/Jaune<br \/>\n\/Personnalis\u00e9<\/td>\n<\/tr>\n<tr>\n<td width=\"217\">Nom du produit<\/td>\n<td width=\"242\">Dongfeng Tianjin 10 m\u00b3 Camion \u00e0 ordures de compression<\/td>\n<td width=\"261\"><\/td>\n<td width=\"387\"><\/td>\n<\/tr>\n<\/tbody>\n<\/table>\n<\/div>","protected":false},"excerpt":{"rendered":"<p>C'est un v\u00e9hicule d'assainissement professionnel pour la collecte, la compression et le transport des d\u00e9chets Avec une grande capacit\u00e9 de 10 m\u00b3, des performances stables et une efficacit\u00e9 \u00e9lev\u00e9e, il est largement utilis\u00e9 dans l'assainissement urbain, les zones r\u00e9sidentielles et industrielles.Tous les v\u00e9hicules peuvent \u00eatre personnalis\u00e9s en termes de marque, de couleur, de ch\u00e2ssis et d'\u00e9quipement sup\u00e9rieur.<\/p>","protected":false},"featured_media":930,"comment_status":"open","ping_status":"closed","template":"","meta":[],"product_brand":[],"product_cat":[22],"product_tag":[],"class_list":{"0":"post-636","1":"product","2":"type-product","3":"status-publish","4":"has-post-thumbnail","6":"product_cat-garbage-truck-series","8":"first","9":"instock","10":"shipping-taxable","11":"product-type-simple"},"_links":{"self":[{"href":"https:\/\/zcwtruck.com\/fr\/wp-json\/wp\/v2\/product\/636","targetHints":{"allow":["GET"]}}],"collection":[{"href":"https:\/\/zcwtruck.com\/fr\/wp-json\/wp\/v2\/product"}],"about":[{"href":"https:\/\/zcwtruck.com\/fr\/wp-json\/wp\/v2\/types\/product"}],"replies":[{"embeddable":true,"href":"https:\/\/zcwtruck.com\/fr\/wp-json\/wp\/v2\/comments?post=636"}],"wp:featuredmedia":[{"embeddable":true,"href":"https:\/\/zcwtruck.com\/fr\/wp-json\/wp\/v2\/media\/930"}],"wp:attachment":[{"href":"https:\/\/zcwtruck.com\/fr\/wp-json\/wp\/v2\/media?parent=636"}],"wp:term":[{"taxonomy":"product_brand","embeddable":true,"href":"https:\/\/zcwtruck.com\/fr\/wp-json\/wp\/v2\/product_brand?post=636"},{"taxonomy":"product_cat","embeddable":true,"href":"https:\/\/zcwtruck.com\/fr\/wp-json\/wp\/v2\/product_cat?post=636"},{"taxonomy":"product_tag","embeddable":true,"href":"https:\/\/zcwtruck.com\/fr\/wp-json\/wp\/v2\/product_tag?post=636"}],"curies":[{"name":"wp","href":"https:\/\/api.w.org\/{rel}","templated":true}]}}