{"id":1359,"date":"2026-03-25T09:40:52","date_gmt":"2026-03-25T09:40:52","guid":{"rendered":"https:\/\/zcwtruck.com\/?post_type=product&#038;p=1359"},"modified":"2026-03-25T09:40:52","modified_gmt":"2026-03-25T09:40:52","slug":"dongfeng-special-chassis-d3-6x4-sewage-suction-truck","status":"publish","type":"product","link":"https:\/\/zcwtruck.com\/fr\/product\/dongfeng-special-chassis-d3-6x4-sewage-suction-truck\/","title":{"rendered":"Ch\u00e2ssis sp\u00e9cial Dongfeng D3 6\u00d74 Camion d'aspiration des eaux us\u00e9es"},"content":{"rendered":"<div style=\"overflow-x: auto; width: 100%;\">\n<table style=\"width: 100%; border-collapse: collapse;\">\n<tbody>\n<tr>\n<td width=\"217\">Param\u00e8tre<\/td>\n<td width=\"199\">Sp\u00e9cification<\/td>\n<td width=\"206\">Param\u00e8tre<\/td>\n<td width=\"226\">Sp\u00e9cification<\/td>\n<td width=\"114\"><\/td>\n<\/tr>\n<tr>\n<td width=\"217\">Type<\/td>\n<td width=\"199\">Camion d'aspiration des eaux us\u00e9es<\/td>\n<td width=\"206\">Type de camion<\/td>\n<td colspan=\"2\" width=\"340\">Camion d'aspiration sous vide\/eaux us\u00e9es<\/td>\n<\/tr>\n<tr>\n<td width=\"217\">Norme d'\u00e9mission<\/td>\n<td width=\"199\">Euro 3\/Euro 5<\/td>\n<td width=\"206\">Carburant<\/td>\n<td colspan=\"2\" width=\"340\">Diesel<\/td>\n<\/tr>\n<tr>\n<td width=\"217\">Formulaire Drive<\/td>\n<td width=\"199\">6\u00d74<\/td>\n<td width=\"206\">Transmission<\/td>\n<td colspan=\"2\" width=\"340\">Manuel<\/td>\n<\/tr>\n<tr>\n<td width=\"217\">Garantie<\/td>\n<td width=\"199\">1 an<\/td>\n<td width=\"206\">Rapport d'essai m\u00e9canique<\/td>\n<td colspan=\"2\" width=\"340\">Fourni<\/td>\n<\/tr>\n<tr>\n<td width=\"217\">Inspection d'usine vid\u00e9o<\/td>\n<td width=\"199\">Fourni<\/td>\n<td width=\"206\">Composants de base<\/td>\n<td colspan=\"2\" width=\"340\">Moteur\/Pompe \u00e0 vide\/Citerne<\/td>\n<\/tr>\n<tr>\n<td width=\"217\">Marque<\/td>\n<td width=\"199\">Dongfeng<\/td>\n<td width=\"206\">Mod\u00e8le Chassis<\/td>\n<td colspan=\"2\" width=\"340\">Ch\u00e2ssis Sp\u00e9cial D3<\/td>\n<\/tr>\n<tr>\n<td width=\"217\">Volume du r\u00e9servoir<\/td>\n<td width=\"199\">8-12m\u00b3<\/td>\n<td width=\"206\">D\u00e9bit de la pompe d'aspiration<\/td>\n<td colspan=\"2\" width=\"340\">60-80 m\u00b3\/h<\/td>\n<\/tr>\n<tr>\n<td width=\"217\">Puissance Moteur<\/td>\n<td width=\"199\">180-220 CV<\/td>\n<td width=\"206\">Marque Moteur<\/td>\n<td colspan=\"2\" width=\"340\">Moteur Dongfeng<\/td>\n<\/tr>\n<tr>\n<td width=\"217\">Empattement<\/td>\n<td width=\"199\">4000-4600 mm<\/td>\n<td width=\"206\">Direction<\/td>\n<td colspan=\"2\" width=\"340\">Direction assist\u00e9e<\/td>\n<\/tr>\n<tr>\n<td width=\"217\">Pompe \u00e0 vide<\/td>\n<td width=\"199\">Entra\u00eenement hydraulique\/PTO<\/td>\n<td width=\"206\">Syst\u00e8me d'op\u00e9ration<\/td>\n<td colspan=\"2\" width=\"340\">Commande manuelle+\u00e9lectrique<\/td>\n<\/tr>\n<tr>\n<td width=\"217\">Diam\u00e8tre du tuyau<\/td>\n<td width=\"199\">150-200 mm<\/td>\n<td width=\"206\">Mat\u00e9riel de r\u00e9servoir<\/td>\n<td colspan=\"2\" width=\"340\">Acier au carbone\/Acier inoxydable en option<\/td>\n<\/tr>\n<tr>\n<td width=\"217\">Sp\u00e9cification des pneus<\/td>\n<td width=\"199\">10h00R20\/11h00R20<\/td>\n<td width=\"206\">Cabine<\/td>\n<td colspan=\"2\" width=\"340\">Cabine standard, A\/C en option<\/td>\n<\/tr>\n<tr>\n<td width=\"217\">Couleur<\/td>\n<td width=\"199\">Facultatif<\/td>\n<td width=\"206\">Application<\/td>\n<td colspan=\"2\" width=\"340\">Collecte d'eaux us\u00e9es urbaines, industriel<br \/>\nEaux us\u00e9es<\/td>\n<\/tr>\n<\/tbody>\n<\/table>\n<\/div>","protected":false},"excerpt":{"rendered":"<p>Ce camion d'aspiration des eaux us\u00e9es adopte un ch\u00e2ssis professionnel Dongfeng et un syst\u00e8me d'aspiration haute performance Il est principalement utilis\u00e9 pour l'aspiration et le transport des eaux us\u00e9es, des boues et des d\u00e9chets liquides, largement appliqu\u00e9 dans l'assainissement urbain, les communaut\u00e9s, les usines et les projets de nettoyage de pipelines. Tous les v\u00e9hicules peuvent \u00eatre personnalis\u00e9s en termes de marque, de couleur, de ch\u00e2ssis et d'\u00e9quipement sup\u00e9rieur.<\/p>","protected":false},"featured_media":1360,"comment_status":"open","ping_status":"closed","template":"","meta":[],"product_brand":[],"product_cat":[24],"product_tag":[],"class_list":{"0":"post-1359","1":"product","2":"type-product","3":"status-publish","4":"has-post-thumbnail","6":"product_cat-sewage-suction-truck-series","8":"first","9":"instock","10":"shipping-taxable","11":"product-type-simple"},"_links":{"self":[{"href":"https:\/\/zcwtruck.com\/fr\/wp-json\/wp\/v2\/product\/1359","targetHints":{"allow":["GET"]}}],"collection":[{"href":"https:\/\/zcwtruck.com\/fr\/wp-json\/wp\/v2\/product"}],"about":[{"href":"https:\/\/zcwtruck.com\/fr\/wp-json\/wp\/v2\/types\/product"}],"replies":[{"embeddable":true,"href":"https:\/\/zcwtruck.com\/fr\/wp-json\/wp\/v2\/comments?post=1359"}],"wp:featuredmedia":[{"embeddable":true,"href":"https:\/\/zcwtruck.com\/fr\/wp-json\/wp\/v2\/media\/1360"}],"wp:attachment":[{"href":"https:\/\/zcwtruck.com\/fr\/wp-json\/wp\/v2\/media?parent=1359"}],"wp:term":[{"taxonomy":"product_brand","embeddable":true,"href":"https:\/\/zcwtruck.com\/fr\/wp-json\/wp\/v2\/product_brand?post=1359"},{"taxonomy":"product_cat","embeddable":true,"href":"https:\/\/zcwtruck.com\/fr\/wp-json\/wp\/v2\/product_cat?post=1359"},{"taxonomy":"product_tag","embeddable":true,"href":"https:\/\/zcwtruck.com\/fr\/wp-json\/wp\/v2\/product_tag?post=1359"}],"curies":[{"name":"wp","href":"https:\/\/api.w.org\/{rel}","templated":true}]}}