{"id":1348,"date":"2026-03-25T08:58:13","date_gmt":"2026-03-25T08:58:13","guid":{"rendered":"https:\/\/zcwtruck.com\/?post_type=product&#038;p=1348"},"modified":"2026-03-25T09:01:44","modified_gmt":"2026-03-25T09:01:44","slug":"sinotruk-howo-20-ton-fuel-tanker-truck","status":"publish","type":"product","link":"https:\/\/zcwtruck.com\/fr\/product\/sinotruk-howo-20-ton-fuel-tanker-truck\/","title":{"rendered":"Camion-citerne \u00e0 carburant Sinotruk Howo de 20 tonnes"},"content":{"rendered":"<div style=\"overflow-x: auto; width: 100%;\">\n<table style=\"width: 100%; border-collapse: collapse;\">\n<tbody>\n<tr>\n<td width=\"217\">Param\u00e8tre<\/td>\n<td width=\"280\">\u00a0 Sp\u00e9cification<\/td>\n<td width=\"231\">Param\u00e8tre<\/td>\n<td width=\"307\">Sp\u00e9cification<\/td>\n<\/tr>\n<tr>\n<td width=\"217\">Type<\/td>\n<td width=\"280\">\u00a0 Camion-citerne \u00e0 carburant<\/td>\n<td width=\"231\">Type de camion<\/td>\n<td width=\"307\">Transport\/citerne de carburant liquide<br \/>\nCamion<\/td>\n<\/tr>\n<tr>\n<td width=\"217\">Norme d'\u00e9mission<\/td>\n<td width=\"280\">\u00a0 Euro 3\/Euro 5\/Chine VI<\/td>\n<td width=\"231\">Carburant<\/td>\n<td width=\"307\">Diesel<\/td>\n<\/tr>\n<tr>\n<td width=\"217\">Formulaire Drive<\/td>\n<td width=\"280\">\u00a0 4\u00d72\/6\u00d74\/6\u00d76<\/td>\n<td width=\"231\">Transmission<\/td>\n<td width=\"307\">Manuel<\/td>\n<\/tr>\n<tr>\n<td width=\"217\">Garantie<\/td>\n<td width=\"280\">\u00a0 1 an<\/td>\n<td width=\"231\">Rapport d'essai m\u00e9canique<\/td>\n<td width=\"307\">Fourni<\/td>\n<\/tr>\n<tr>\n<td width=\"217\">Inspection d'usine vid\u00e9o<\/td>\n<td width=\"280\">\u00a0 Fourni<\/td>\n<td width=\"231\">Composants de base<\/td>\n<td width=\"307\">Moteur\/r\u00e9servoir de carburant\/pompe<\/td>\n<\/tr>\n<tr>\n<td rowspan=\"2\" width=\"217\">Marque<\/td>\n<td width=\"280\">\u00a0 Divers (Sinotruk, Shacman,<\/td>\n<td width=\"231\">Mod\u00e8le Chassis<\/td>\n<td width=\"307\">Sp\u00e9cifique \u00e0 la marque<\/td>\n<\/tr>\n<tr>\n<td width=\"280\">\u00a0 Dongfeng, FAW, Isuzu)<\/td>\n<td width=\"231\"><\/td>\n<td width=\"307\"><\/td>\n<\/tr>\n<tr>\n<td width=\"217\">Volume du r\u00e9servoir<\/td>\n<td width=\"280\">\u00a0 5 000-30 000 L<\/td>\n<td width=\"231\">Capacit\u00e9 de chargement<\/td>\n<td width=\"307\">5 \u00e0 30 tonnes<\/td>\n<\/tr>\n<tr>\n<td width=\"217\">Puissance Moteur<\/td>\n<td width=\"280\">\u00a0 120-400 CV<\/td>\n<td width=\"231\">Marque Moteur<\/td>\n<td width=\"307\">Sp\u00e9cifique \u00e0 la marque<\/td>\n<\/tr>\n<tr>\n<td width=\"217\">Empattement<\/td>\n<td width=\"280\">\u00a0 3300-4600 mm\/multi-essieux<\/td>\n<td width=\"231\">Direction<\/td>\n<td width=\"307\">Direction assist\u00e9e<\/td>\n<\/tr>\n<tr>\n<td width=\"217\">Syst\u00e8me de pompe<\/td>\n<td width=\"280\">\u00a0 Pompe \u00e0 carburant\/m\u00e8tre en option<\/td>\n<td width=\"231\">Syst\u00e8me d'op\u00e9ration<\/td>\n<td width=\"307\">Commande manuelle+\u00e9lectrique<\/td>\n<\/tr>\n<tr>\n<td width=\"217\">Mat\u00e9riel de r\u00e9servoir<\/td>\n<td width=\"280\">\u00a0 Acier au carbone\/acier inoxydable en option<\/td>\n<td width=\"231\">Tuyau et buse<\/td>\n<td width=\"307\">Tuyau de d\u00e9charge de carburant en option<\/td>\n<\/tr>\n<tr>\n<td width=\"217\">Sp\u00e9cification des pneus<\/td>\n<td width=\"280\">\u00a0 8.25R20\/10.00R20\/12.00R20<\/td>\n<td width=\"231\">Cabine<\/td>\n<td width=\"307\">Standard\/HW76\/Cabine de marque, A\/C<br \/>\nFacultatif<\/td>\n<\/tr>\n<tr>\n<td width=\"217\">Couleur<\/td>\n<td width=\"280\">\u00a0 Facultatif<\/td>\n<td width=\"231\">Application<\/td>\n<td width=\"307\">Transport diesel\/essence\/carburant<\/td>\n<\/tr>\n<\/tbody>\n<\/table>\n<\/div>","protected":false},"excerpt":{"rendered":"<p>Ce camion-citerne de carburant \u00e0 charge \u00e9lev\u00e9e est con\u00e7u pour le transport de carburant de grand volume de D. U. Il dispose d'une structure robuste, d'un r\u00e9servoir scell\u00e9 s\u00fbr et d'une forte puissance, ce qui le rend id\u00e9al pour la livraison longue distance de diesel, d'essence et d'autres produits p\u00e9troliers dans diverses conditions routi\u00e8res.Tous les v\u00e9hicules peuvent \u00eatre personnalis\u00e9s en termes de marque, de couleur, de ch\u00e2ssis et d'\u00e9quipement sup\u00e9rieur.<\/p>","protected":false},"featured_media":1353,"comment_status":"open","ping_status":"closed","template":"","meta":[],"product_brand":[],"product_cat":[25],"product_tag":[],"class_list":{"0":"post-1348","1":"product","2":"type-product","3":"status-publish","4":"has-post-thumbnail","6":"product_cat-tank-truck-series","8":"first","9":"instock","10":"shipping-taxable","11":"product-type-simple"},"_links":{"self":[{"href":"https:\/\/zcwtruck.com\/fr\/wp-json\/wp\/v2\/product\/1348","targetHints":{"allow":["GET"]}}],"collection":[{"href":"https:\/\/zcwtruck.com\/fr\/wp-json\/wp\/v2\/product"}],"about":[{"href":"https:\/\/zcwtruck.com\/fr\/wp-json\/wp\/v2\/types\/product"}],"replies":[{"embeddable":true,"href":"https:\/\/zcwtruck.com\/fr\/wp-json\/wp\/v2\/comments?post=1348"}],"wp:featuredmedia":[{"embeddable":true,"href":"https:\/\/zcwtruck.com\/fr\/wp-json\/wp\/v2\/media\/1353"}],"wp:attachment":[{"href":"https:\/\/zcwtruck.com\/fr\/wp-json\/wp\/v2\/media?parent=1348"}],"wp:term":[{"taxonomy":"product_brand","embeddable":true,"href":"https:\/\/zcwtruck.com\/fr\/wp-json\/wp\/v2\/product_brand?post=1348"},{"taxonomy":"product_cat","embeddable":true,"href":"https:\/\/zcwtruck.com\/fr\/wp-json\/wp\/v2\/product_cat?post=1348"},{"taxonomy":"product_tag","embeddable":true,"href":"https:\/\/zcwtruck.com\/fr\/wp-json\/wp\/v2\/product_tag?post=1348"}],"curies":[{"name":"wp","href":"https:\/\/api.w.org\/{rel}","templated":true}]}}