{"id":1343,"date":"2026-03-25T08:50:53","date_gmt":"2026-03-25T08:50:53","guid":{"rendered":"https:\/\/zcwtruck.com\/?post_type=product&#038;p=1343"},"modified":"2026-03-25T08:50:53","modified_gmt":"2026-03-25T08:50:53","slug":"sinotruk-howo10-ton-fuel-tanker-truck","status":"publish","type":"product","link":"https:\/\/zcwtruck.com\/fr\/product\/sinotruk-howo10-ton-fuel-tanker-truck\/","title":{"rendered":"Camion-citerne \u00e0 carburant Sinotruk Howo10 Ton"},"content":{"rendered":"<div style=\"overflow-x: auto; width: 100%;\">\n<table style=\"width: 100%; border-collapse: collapse;\">\n<tbody>\n<tr>\n<td width=\"217\">Param\u00e8tre<\/td>\n<td width=\"217\">\u00a0Sp\u00e9cification<\/td>\n<td width=\"217\">\u00a0 Param\u00e8tre<\/td>\n<td width=\"296\">Sp\u00e9cification<\/td>\n<\/tr>\n<tr>\n<td width=\"217\">Type<\/td>\n<td width=\"217\">\u00a0Camion-citerne \u00e0 carburant<\/td>\n<td width=\"217\">\u00a0 Type de camion<\/td>\n<td width=\"296\">Transport\/citerne de carburant liquide<br \/>\nCamion<\/td>\n<\/tr>\n<tr>\n<td width=\"217\">Norme d'\u00e9mission<\/td>\n<td width=\"217\">\u00a0Euro 3\/Euro 5<\/td>\n<td width=\"217\">\u00a0 Carburant<\/td>\n<td width=\"296\">Diesel<\/td>\n<\/tr>\n<tr>\n<td width=\"217\">Formulaire Drive<\/td>\n<td width=\"217\">\u00a04\u00d72\/6\u00d74<\/td>\n<td width=\"217\">\u00a0 Transmission<\/td>\n<td width=\"296\">Manuel<\/td>\n<\/tr>\n<tr>\n<td width=\"217\">Garantie<\/td>\n<td width=\"217\">\u00a01 an<\/td>\n<td width=\"217\">\u00a0 Rapport d'essai m\u00e9canique<\/td>\n<td width=\"296\">Fourni<\/td>\n<\/tr>\n<tr>\n<td width=\"217\">Inspection d'usine vid\u00e9o<\/td>\n<td width=\"217\">\u00a0Fourni<\/td>\n<td width=\"217\">\u00a0 Composants de base<\/td>\n<td width=\"296\">Moteur\/r\u00e9servoir de carburant\/pompe<\/td>\n<\/tr>\n<tr>\n<td width=\"217\">Marque<\/td>\n<td width=\"217\">\u00a0Sinotruk<\/td>\n<td width=\"217\">\u00a0 Mod\u00e8le Chassis<\/td>\n<td width=\"296\">COMMENT<\/td>\n<\/tr>\n<tr>\n<td width=\"217\">Volume du r\u00e9servoir<\/td>\n<td width=\"217\">\u00a010 000 L<\/td>\n<td width=\"217\">\u00a0 Capacit\u00e9 de chargement<\/td>\n<td width=\"296\">10 tonnes<\/td>\n<\/tr>\n<tr>\n<td width=\"217\">Puissance Moteur<\/td>\n<td width=\"217\">\u00a0140-260 CV<\/td>\n<td width=\"217\">\u00a0 Marque Moteur<\/td>\n<td width=\"296\">Moteur Sinotruk<\/td>\n<\/tr>\n<tr>\n<td width=\"217\">Empattement<\/td>\n<td width=\"217\">\u00a03800-4600 mm<\/td>\n<td width=\"217\">\u00a0 Direction<\/td>\n<td width=\"296\">Direction assist\u00e9e<\/td>\n<\/tr>\n<tr>\n<td width=\"217\">Syst\u00e8me de pompe<\/td>\n<td width=\"217\">\u00a0Pompe \u00e0 carburant\/en option<br \/>\nM\u00e8tre<\/td>\n<td width=\"217\">\u00a0 Syst\u00e8me d'op\u00e9ration<\/td>\n<td width=\"296\">Commande manuelle+\u00e9lectrique<\/td>\n<\/tr>\n<tr>\n<td width=\"217\">Mat\u00e9riel de r\u00e9servoir<\/td>\n<td width=\"217\">\u00a0Acier au carbone\/Inoxydable<br \/>\nAcier facultatif<\/td>\n<td width=\"217\">\u00a0 Tuyau et buse<\/td>\n<td width=\"296\">Tuyau de d\u00e9charge de carburant en option<\/td>\n<\/tr>\n<tr>\n<td width=\"217\">Sp\u00e9cification des pneus<\/td>\n<td width=\"217\">\u00a010h00R20\/11h00R20<\/td>\n<td width=\"217\">\u00a0 Cabine<\/td>\n<td width=\"296\">Cabine standard\/HW76, A\/C en option<\/td>\n<\/tr>\n<tr>\n<td width=\"217\">Couleur<\/td>\n<td width=\"217\">\u00a0Facultatif<\/td>\n<td width=\"217\">\u00a0 Application<\/td>\n<td width=\"296\">Diesel\/essence\/Transport de carburant<\/td>\n<\/tr>\n<\/tbody>\n<\/table>\n<\/div>","protected":false},"excerpt":{"rendered":"<p>Ce camion-citerne de carburant est construit avec un ch\u00e2ssis HOWO robuste et un r\u00e9servoir d'huile de haute qualit\u00e9, assurant un transport s\u00fbr et stable du diesel, de l'essence et d'autres produits de carburant Il a une forte capacit\u00e9 de chargement, des performances fiables et est largement utilis\u00e9 dans le transport et la distribution de p\u00e9trole. Tous les v\u00e9hicules peuvent \u00eatre personnalis\u00e9s en marque, couleur, ch\u00e2ssis et \u00e9quipement sup\u00e9rieur.<\/p>","protected":false},"featured_media":1344,"comment_status":"open","ping_status":"closed","template":"","meta":[],"product_brand":[],"product_cat":[25],"product_tag":[],"class_list":{"0":"post-1343","1":"product","2":"type-product","3":"status-publish","4":"has-post-thumbnail","6":"product_cat-tank-truck-series","8":"first","9":"instock","10":"shipping-taxable","11":"product-type-simple"},"_links":{"self":[{"href":"https:\/\/zcwtruck.com\/fr\/wp-json\/wp\/v2\/product\/1343","targetHints":{"allow":["GET"]}}],"collection":[{"href":"https:\/\/zcwtruck.com\/fr\/wp-json\/wp\/v2\/product"}],"about":[{"href":"https:\/\/zcwtruck.com\/fr\/wp-json\/wp\/v2\/types\/product"}],"replies":[{"embeddable":true,"href":"https:\/\/zcwtruck.com\/fr\/wp-json\/wp\/v2\/comments?post=1343"}],"wp:featuredmedia":[{"embeddable":true,"href":"https:\/\/zcwtruck.com\/fr\/wp-json\/wp\/v2\/media\/1344"}],"wp:attachment":[{"href":"https:\/\/zcwtruck.com\/fr\/wp-json\/wp\/v2\/media?parent=1343"}],"wp:term":[{"taxonomy":"product_brand","embeddable":true,"href":"https:\/\/zcwtruck.com\/fr\/wp-json\/wp\/v2\/product_brand?post=1343"},{"taxonomy":"product_cat","embeddable":true,"href":"https:\/\/zcwtruck.com\/fr\/wp-json\/wp\/v2\/product_cat?post=1343"},{"taxonomy":"product_tag","embeddable":true,"href":"https:\/\/zcwtruck.com\/fr\/wp-json\/wp\/v2\/product_tag?post=1343"}],"curies":[{"name":"wp","href":"https:\/\/api.w.org\/{rel}","templated":true}]}}