{"id":1333,"date":"2026-03-25T08:38:03","date_gmt":"2026-03-25T08:38:03","guid":{"rendered":"https:\/\/zcwtruck.com\/?post_type=product&#038;p=1333"},"modified":"2026-03-25T08:58:56","modified_gmt":"2026-03-25T08:58:56","slug":"1333","status":"publish","type":"product","link":"https:\/\/zcwtruck.com\/fr\/product\/1333\/","title":{"rendered":"Camion-citerne \u00e0 carburant Dongfeng D9 12000L"},"content":{"rendered":"<div style=\"overflow-x: auto; width: 100%;\">\n<table style=\"width: 100%; border-collapse: collapse;\">\n<tbody>\n<tr>\n<td width=\"217\">Param\u00e8tre<\/td>\n<td width=\"217\">\u00a0 Sp\u00e9cification<\/td>\n<td width=\"217\">\u00a0 Param\u00e8tre<\/td>\n<td width=\"305\">Sp\u00e9cification<\/td>\n<\/tr>\n<tr>\n<td width=\"217\">Type<\/td>\n<td width=\"217\">\u00a0 Camion-citerne \u00e0 carburant<\/td>\n<td width=\"217\">\u00a0 Type de camion<\/td>\n<td width=\"305\">Transport\/citerne de carburant liquide<br \/>\nCamion<\/td>\n<\/tr>\n<tr>\n<td width=\"217\">Norme d'\u00e9mission<\/td>\n<td width=\"217\">\u00a0 Euro 3\/Euro 5<\/td>\n<td width=\"217\">\u00a0 Carburant<\/td>\n<td width=\"305\">Diesel<\/td>\n<\/tr>\n<tr>\n<td width=\"217\">Formulaire Drive<\/td>\n<td width=\"217\">\u00a0 6\u00d74<\/td>\n<td width=\"217\">\u00a0 Transmission<\/td>\n<td width=\"305\">Manuel<\/td>\n<\/tr>\n<tr>\n<td width=\"217\">Garantie<\/td>\n<td width=\"217\">\u00a0 1 an<\/td>\n<td width=\"217\">\u00a0 Rapport d'essai m\u00e9canique<\/td>\n<td width=\"305\">Fourni<\/td>\n<\/tr>\n<tr>\n<td width=\"217\">Inspection d'usine vid\u00e9o<\/td>\n<td width=\"217\">\u00a0 Fourni<\/td>\n<td width=\"217\">\u00a0 Composants de base<\/td>\n<td width=\"305\">Moteur\/r\u00e9servoir de carburant\/pompe<\/td>\n<\/tr>\n<tr>\n<td width=\"217\">Marque<\/td>\n<td width=\"217\">\u00a0 Dongfeng<\/td>\n<td width=\"217\">\u00a0 Mod\u00e8le Chassis<\/td>\n<td width=\"305\">D9<\/td>\n<\/tr>\n<tr>\n<td width=\"217\">Volume du r\u00e9servoir<\/td>\n<td width=\"217\">\u00a0 12 000 L<\/td>\n<td width=\"217\">\u00a0 Capacit\u00e9 de chargement<\/td>\n<td width=\"305\">12 tonnes<\/td>\n<\/tr>\n<tr>\n<td width=\"217\">Puissance Moteur<\/td>\n<td width=\"217\">\u00a0 180-220 CV<\/td>\n<td width=\"217\">\u00a0 Marque Moteur<\/td>\n<td width=\"305\">Moteur Dongfeng<\/td>\n<\/tr>\n<tr>\n<td width=\"217\">Empattement<\/td>\n<td width=\"217\">\u00a0 4000-4600 mm<\/td>\n<td width=\"217\">\u00a0 Direction<\/td>\n<td width=\"305\">Direction assist\u00e9e<\/td>\n<\/tr>\n<tr>\n<td width=\"217\">Syst\u00e8me de pompe<\/td>\n<td width=\"217\">\u00a0 Pompe \u00e0 carburant\/m\u00e8tre en option<\/td>\n<td width=\"217\">\u00a0 Syst\u00e8me d'op\u00e9ration<\/td>\n<td width=\"305\">Commande manuelle + \u00e9lectrique<\/td>\n<\/tr>\n<tr>\n<td width=\"217\">Mat\u00e9riel de r\u00e9servoir<\/td>\n<td width=\"217\">\u00a0 Acier au carbone\/acier inoxydable en option<\/td>\n<td width=\"217\">\u00a0 Tuyau et buse<\/td>\n<td width=\"305\">Tuyau de d\u00e9charge de carburant en option<\/td>\n<\/tr>\n<tr>\n<td width=\"217\">Sp\u00e9cification des pneus<\/td>\n<td width=\"217\">\u00a0 10h00R20\/11h00R20<\/td>\n<td width=\"217\">\u00a0 Cabine<\/td>\n<td width=\"305\">Standard CabinA\/C Facultatif<\/td>\n<\/tr>\n<tr>\n<td width=\"217\">Couleur<\/td>\n<td width=\"217\">\u00a0 Facultatif<\/td>\n<td width=\"217\">\u00a0 Application<\/td>\n<td width=\"305\">Diesel\/essence\/Transport de carburant<\/td>\n<\/tr>\n<\/tbody>\n<\/table>\n<\/div>","protected":false},"excerpt":{"rendered":"<p>Ce camion-citerne de carburant est sp\u00e9cialement con\u00e7u pour le transport et le stockage s\u00fbrs du diesel, de l'essence et d'autres produits p\u00e9troliers Il a une grande capacit\u00e9, une structure fiable et des performances stables, largement utilis\u00e9 dans les op\u00e9rations de logistique et de distribution de p\u00e9trole. Tous les v\u00e9hicules peuvent \u00eatre personnalis\u00e9s en termes de marque, de couleur, de ch\u00e2ssis et d'\u00e9quipement sup\u00e9rieur.<\/p>","protected":false},"featured_media":1334,"comment_status":"open","ping_status":"closed","template":"","meta":[],"product_brand":[],"product_cat":[25],"product_tag":[],"class_list":{"0":"post-1333","1":"product","2":"type-product","3":"status-publish","4":"has-post-thumbnail","6":"product_cat-tank-truck-series","8":"first","9":"instock","10":"shipping-taxable","11":"product-type-simple"},"_links":{"self":[{"href":"https:\/\/zcwtruck.com\/fr\/wp-json\/wp\/v2\/product\/1333","targetHints":{"allow":["GET"]}}],"collection":[{"href":"https:\/\/zcwtruck.com\/fr\/wp-json\/wp\/v2\/product"}],"about":[{"href":"https:\/\/zcwtruck.com\/fr\/wp-json\/wp\/v2\/types\/product"}],"replies":[{"embeddable":true,"href":"https:\/\/zcwtruck.com\/fr\/wp-json\/wp\/v2\/comments?post=1333"}],"wp:featuredmedia":[{"embeddable":true,"href":"https:\/\/zcwtruck.com\/fr\/wp-json\/wp\/v2\/media\/1334"}],"wp:attachment":[{"href":"https:\/\/zcwtruck.com\/fr\/wp-json\/wp\/v2\/media?parent=1333"}],"wp:term":[{"taxonomy":"product_brand","embeddable":true,"href":"https:\/\/zcwtruck.com\/fr\/wp-json\/wp\/v2\/product_brand?post=1333"},{"taxonomy":"product_cat","embeddable":true,"href":"https:\/\/zcwtruck.com\/fr\/wp-json\/wp\/v2\/product_cat?post=1333"},{"taxonomy":"product_tag","embeddable":true,"href":"https:\/\/zcwtruck.com\/fr\/wp-json\/wp\/v2\/product_tag?post=1333"}],"curies":[{"name":"wp","href":"https:\/\/api.w.org\/{rel}","templated":true}]}}