{"id":874,"date":"2026-03-23T03:24:37","date_gmt":"2026-03-23T03:24:37","guid":{"rendered":"https:\/\/zcwtruck.com\/?page_id=874"},"modified":"2026-03-26T07:08:09","modified_gmt":"2026-03-26T07:08:09","slug":"shipping-policy","status":"publish","type":"page","link":"https:\/\/zcwtruck.com\/fr\/shipping-policy\/","title":{"rendered":"SHIPPING POLICY"},"content":{"rendered":"<div data-elementor-type=\"wp-page\" data-elementor-id=\"874\" class=\"elementor elementor-874\" data-elementor-post-type=\"page\">\n\t\t\t\t<div class=\"elementor-element elementor-element-fdde095 e-flex e-con-boxed e-con e-parent\" data-id=\"fdde095\" data-element_type=\"container\" data-e-type=\"container\" data-settings=\"{&quot;background_background&quot;:&quot;classic&quot;}\">\n\t\t\t\t\t<div class=\"e-con-inner\">\n\t\t\t\t<div class=\"elementor-element elementor-element-3f15b47 elementor-widget elementor-widget-heading\" data-id=\"3f15b47\" data-element_type=\"widget\" data-e-type=\"widget\" data-widget_type=\"heading.default\">\n\t\t\t\t\t<h2 class=\"elementor-heading-title elementor-size-default\">Politique d'exp\u00e9dition<\/h2>\t\t\t\t<\/div>\n\t\t\t\t<div class=\"elementor-element elementor-element-9034466 elementor-icon-list--layout-inline elementor-align-center elementor-mobile-align-center elementor-list-item-link-full_width elementor-widget elementor-widget-icon-list\" data-id=\"9034466\" data-element_type=\"widget\" data-e-type=\"widget\" data-widget_type=\"icon-list.default\">\n\t\t\t\t\t\t\t<ul class=\"elementor-icon-list-items elementor-inline-items\">\n\t\t\t\t\t\t\t<li class=\"elementor-icon-list-item elementor-inline-item\">\n\t\t\t\t\t\t\t\t\t\t\t<a href=\"https:\/\/zcwtruck.com\/fr\/\">\n\n\t\t\t\t\t\t\t\t\t\t\t<span class=\"elementor-icon-list-text\">Accueil<\/span>\n\t\t\t\t\t\t\t\t\t\t\t<\/a>\n\t\t\t\t\t\t\t\t\t<\/li>\n\t\t\t\t\t\t\t\t<li class=\"elementor-icon-list-item elementor-inline-item\">\n\t\t\t\t\t\t\t\t\t\t<span class=\"elementor-icon-list-text\">Politique d'exp\u00e9dition<\/span>\n\t\t\t\t\t\t\t\t\t<\/li>\n\t\t\t\t\t\t<\/ul>\n\t\t\t\t\t\t<\/div>\n\t\t\t\t\t<\/div>\n\t\t\t\t<\/div>\n\t\t<div class=\"elementor-element elementor-element-eddf6f2 e-flex e-con-boxed e-con e-parent\" data-id=\"eddf6f2\" data-element_type=\"container\" data-e-type=\"container\">\n\t\t\t\t\t<div class=\"e-con-inner\">\n\t\t\t\t<div class=\"elementor-element elementor-element-84fab6f elementor-widget elementor-widget-text-editor\" data-id=\"84fab6f\" data-element_type=\"widget\" data-e-type=\"widget\" data-widget_type=\"text-editor.default\">\n\t\t\t\t\t\t\t\t\t<p><strong><b>Zhongchuangwei Special Purpose Vehicle Co Ltd.<\/b><\/strong>nous nous effor\u00e7ons d'assurer une livraison unique et efficace de nos produits \u00e0 nos clients.<br \/>Nous exp\u00e9dions nos produits aux clients tant au niveau national qu'internal.<br \/>Nous exp\u00e9dions nos produits en Chine continentale via diff\u00e9rents transporteurs maritimes, en fonction du produit et de l'emplacement du client.<br \/>Les frais d'exp\u00e9dition int\u00e9rieure peuvent varier en fonction du poids et de la taille du produit, ainsi que de la destination d'exp\u00e9dition.<br \/>Le d\u00e9lai de livraison estim\u00e9 pour les exp\u00e9ditions nationales est g\u00e9n\u00e9ralement de 3 \u00e0 7 jours ouvrables, selon le transporteur maritime et la destination d'exp\u00e9dition.<br \/>ng transporteurs, selon le produit et l'emplacement du client. Nous exp\u00e9dions nos produits \u00e0 des clients internationaux via diff\u00e9rents shippsize du produit, ainsi que la destination d'exp\u00e9dition. Les frais d'exp\u00e9dition internationaux peuvent varier en fonction du poids et de la fin du transporteur maritime et de la destination de livraison. Les d\u00e9lais de livraison peuvent \u00eatre affect\u00e9s par les douanes et d'autres facteurs. Le d\u00e9lai de livraison estim\u00e9 pour les exp\u00e9ditions internationales varie en dehors de notre contr\u00f4le.<br \/>Veuillez noter que nous ne sommes pas responsables des droits de douane, taxes ou frais qui pourraient \u00eatre impos\u00e9s par le pays de destination Le client ; responsable de ces frais. Si vous avez des questions ou des pr\u00e9occupations concernant l'exp\u00e9dition, veuillez h\u00e9siter \u00e0 nous contacter \u00e0 <span style=\"color: #993300;\"><a style=\"color: #993300;\" href=\"mailto:zjh15641125556@gmail.com\"><strong><u><b>xiangsenhou@gmail.com<\/b><\/u><\/strong><\/a>.<\/span><\/p><p>\u00a0<\/p>\t\t\t\t\t\t\t\t<\/div>\n\t\t\t\t\t<\/div>\n\t\t\t\t<\/div>\n\t\t\t\t<\/div>","protected":false},"excerpt":{"rendered":"<p>Shipping Policy Home Shipping Policy Zhongchuangwei Special Purpose Vehicle Co Ltd.we strive to provideimely and efficient delivery of our products to our customers.We ship our products to customers both domestically and internaonally.We ship our products within mainland China via various shippingcarriers, depending on the product and the location of the customer.Domestic shipping fees may vary [&hellip;]<\/p>\n","protected":false},"author":1,"featured_media":0,"parent":0,"menu_order":0,"comment_status":"closed","ping_status":"closed","template":"","meta":{"footnotes":""},"class_list":["post-874","page","type-page","status-publish","hentry"],"_links":{"self":[{"href":"https:\/\/zcwtruck.com\/fr\/wp-json\/wp\/v2\/pages\/874","targetHints":{"allow":["GET"]}}],"collection":[{"href":"https:\/\/zcwtruck.com\/fr\/wp-json\/wp\/v2\/pages"}],"about":[{"href":"https:\/\/zcwtruck.com\/fr\/wp-json\/wp\/v2\/types\/page"}],"author":[{"embeddable":true,"href":"https:\/\/zcwtruck.com\/fr\/wp-json\/wp\/v2\/users\/1"}],"replies":[{"embeddable":true,"href":"https:\/\/zcwtruck.com\/fr\/wp-json\/wp\/v2\/comments?post=874"}],"version-history":[{"count":0,"href":"https:\/\/zcwtruck.com\/fr\/wp-json\/wp\/v2\/pages\/874\/revisions"}],"wp:attachment":[{"href":"https:\/\/zcwtruck.com\/fr\/wp-json\/wp\/v2\/media?parent=874"}],"curies":[{"name":"wp","href":"https:\/\/api.w.org\/{rel}","templated":true}]}}