{"id":859,"date":"2026-03-23T03:18:27","date_gmt":"2026-03-23T03:18:27","guid":{"rendered":"https:\/\/zcwtruck.com\/?page_id=859"},"modified":"2026-03-26T07:08:27","modified_gmt":"2026-03-26T07:08:27","slug":"refund-policy","status":"publish","type":"page","link":"https:\/\/zcwtruck.com\/fr\/refund-policy\/","title":{"rendered":"Politique de remboursement"},"content":{"rendered":"<div data-elementor-type=\"wp-page\" data-elementor-id=\"859\" class=\"elementor elementor-859\" data-elementor-post-type=\"page\">\n\t\t\t\t<div class=\"elementor-element elementor-element-9b70ea6 e-flex e-con-boxed e-con e-parent\" data-id=\"9b70ea6\" data-element_type=\"container\" data-e-type=\"container\" data-settings=\"{&quot;background_background&quot;:&quot;classic&quot;}\">\n\t\t\t\t\t<div class=\"e-con-inner\">\n\t\t\t\t<div class=\"elementor-element elementor-element-45cce55 elementor-widget elementor-widget-heading\" data-id=\"45cce55\" data-element_type=\"widget\" data-e-type=\"widget\" data-widget_type=\"heading.default\">\n\t\t\t\t\t<h2 class=\"elementor-heading-title elementor-size-default\">Politique de remboursement<\/h2>\t\t\t\t<\/div>\n\t\t\t\t<div class=\"elementor-element elementor-element-18d93ee elementor-icon-list--layout-inline elementor-align-center elementor-mobile-align-center elementor-list-item-link-full_width elementor-widget elementor-widget-icon-list\" data-id=\"18d93ee\" data-element_type=\"widget\" data-e-type=\"widget\" data-widget_type=\"icon-list.default\">\n\t\t\t\t\t\t\t<ul class=\"elementor-icon-list-items elementor-inline-items\">\n\t\t\t\t\t\t\t<li class=\"elementor-icon-list-item elementor-inline-item\">\n\t\t\t\t\t\t\t\t\t\t\t<a href=\"https:\/\/zcwtruck.com\/fr\/\">\n\n\t\t\t\t\t\t\t\t\t\t\t<span class=\"elementor-icon-list-text\">Accueil<\/span>\n\t\t\t\t\t\t\t\t\t\t\t<\/a>\n\t\t\t\t\t\t\t\t\t<\/li>\n\t\t\t\t\t\t\t\t<li class=\"elementor-icon-list-item elementor-inline-item\">\n\t\t\t\t\t\t\t\t\t\t<span class=\"elementor-icon-list-text\">Politique de remboursement<\/span>\n\t\t\t\t\t\t\t\t\t<\/li>\n\t\t\t\t\t\t<\/ul>\n\t\t\t\t\t\t<\/div>\n\t\t\t\t\t<\/div>\n\t\t\t\t<\/div>\n\t\t<div class=\"elementor-element elementor-element-99e2f6d e-flex e-con-boxed e-con e-parent\" data-id=\"99e2f6d\" data-element_type=\"container\" data-e-type=\"container\">\n\t\t\t\t\t<div class=\"e-con-inner\">\n\t\t\t\t<div class=\"elementor-element elementor-element-de51d2c elementor-widget elementor-widget-text-editor\" data-id=\"de51d2c\" data-element_type=\"widget\" data-e-type=\"widget\" data-widget_type=\"text-editor.default\">\n\t\t\t\t\t\t\t\t\t<p><strong><b>Zhongchuangwei Special Purpose Vehicle Co Ltd.<\/b><\/strong>, \u00ab Nous nous effor\u00e7ons de fournir des produits de haute qualit\u00e9 et un excellent service client. Nous comprenons que parfois un produit peut ne pas r\u00e9pondre \u00e0 vos attentes. Dans un tel cas, nous proposons une politique de remboursement qui vous permet de retourner le produit dans un certain d\u00e9lai \u00e0 compter de la date d'achat. Nous nous effor\u00e7ons de fournir des produits de haute qualit\u00e9, mais le succ\u00e8s de tout produit. Veuillez noter que nous ne pouvons faire aucune promesse ou garantie \u00e0 l'\u00e9tranger, nous ne pouvons pas offrir de remboursement en fonction du r\u00e9sultat de tout produit. d\u00e9pend de divers facteurs qui \u00e9chappent \u00e0 notre contr\u00f4le. L\u00e0f<br \/>Notre politique de remboursement est la suivante :<br \/>Si vous n'\u00eates pas satisfait du produit, vous pourriez \u00eatre \u00e9ligible \u00e0 areturn.<br \/>Pour initier un retour, veuillez nous contacter \u00e0 <span style=\"color: #993300;\"><a style=\"color: #993300;\" href=\"mailto:zjh15641125556@gmail.com\"><strong><u><b>xiangsenhou@gmail.com<\/b><\/u><\/strong><\/a><\/span><br \/>Le produit doit \u00eatre dans son emballage d'origine et \u00e0 l'\u00e9tat neuf pour pouvoir b\u00e9n\u00e9ficier d'un retour.<br \/>Les frais d'exp\u00e9dition et de manutention ne sont pas remboursables.<br \/>Une fois que nous aurons re\u00e7u le produit, nous l'\u00e9valuerons et d\u00e9terminerons si un retour est appropri\u00e9.<br \/>Veuillez noter que nous nous r\u00e9servons le droit de refuser un retour si le produit ne r\u00e9pond pas \u00e0 nos crit\u00e8res de politique de retour.<br \/>Si vous avez des questions ou des pr\u00e9occupations concernant notre politique de remboursement, n'h\u00e9sitez pas \u00e0 nous contacter \u00e0 <span style=\"color: #993300;\"><a style=\"color: #993300;\" href=\"mailto:zjh15641125556@gmail.com\"><strong><u><b>xiangsenhou@gmail.com<\/b><\/u><\/strong><\/a><\/span><\/p><p>\u00a0<\/p>\t\t\t\t\t\t\t\t<\/div>\n\t\t\t\t\t<\/div>\n\t\t\t\t<\/div>\n\t\t\t\t<\/div>","protected":false},"excerpt":{"rendered":"<p>Refund Policy Home Refund Policy Zhongchuangwei Special Purpose Vehicle Co Ltd., we strive to providhigh-quality products and excellent customer service. We understand thsometimes a product may not meet yourexpectations. In such an event, we offer a refund policy that allow.you to return the product within a certain period of time from the date apurchase.t the [&hellip;]<\/p>\n","protected":false},"author":1,"featured_media":0,"parent":0,"menu_order":0,"comment_status":"closed","ping_status":"closed","template":"","meta":{"footnotes":""},"class_list":["post-859","page","type-page","status-publish","hentry"],"_links":{"self":[{"href":"https:\/\/zcwtruck.com\/fr\/wp-json\/wp\/v2\/pages\/859","targetHints":{"allow":["GET"]}}],"collection":[{"href":"https:\/\/zcwtruck.com\/fr\/wp-json\/wp\/v2\/pages"}],"about":[{"href":"https:\/\/zcwtruck.com\/fr\/wp-json\/wp\/v2\/types\/page"}],"author":[{"embeddable":true,"href":"https:\/\/zcwtruck.com\/fr\/wp-json\/wp\/v2\/users\/1"}],"replies":[{"embeddable":true,"href":"https:\/\/zcwtruck.com\/fr\/wp-json\/wp\/v2\/comments?post=859"}],"version-history":[{"count":0,"href":"https:\/\/zcwtruck.com\/fr\/wp-json\/wp\/v2\/pages\/859\/revisions"}],"wp:attachment":[{"href":"https:\/\/zcwtruck.com\/fr\/wp-json\/wp\/v2\/media?parent=859"}],"curies":[{"name":"wp","href":"https:\/\/api.w.org\/{rel}","templated":true}]}}